{"id":1010,"date":"2026-04-23T15:01:13","date_gmt":"2026-04-23T13:01:13","guid":{"rendered":"https:\/\/chinderschtuba.ch\/?page_id=1010"},"modified":"2026-04-23T16:09:02","modified_gmt":"2026-04-23T14:09:02","slug":"1010-2","status":"publish","type":"page","link":"https:\/\/chinderschtuba.ch\/de_ch\/1010-2\/","title":{"rendered":"Resilienz und Kindercoaching"},"content":{"rendered":"\n[et_pb_section fb_built=&#187;1&#8243; _builder_version=&#187;4.16&#8243; _module_preset=&#187;default&#187; background_color=&#187;#fefbf8&#8243; border_color_top=&#187;gcid-3834b130-d4ca-4a1e-b409-812852908a7f&#187; border_style_top=&#187;dotted&#187; global_colors_info=&#187;{%22gcid-3834b130-d4ca-4a1e-b409-812852908a7f%22:%91%22border_color_top%22%93}&#187;][et_pb_row column_structure=&#187;1_2,1_2&#8243; _builder_version=&#187;4.16&#8243; _module_preset=&#187;default&#187; global_colors_info=&#187;{}&#187;][et_pb_column type=&#187;1_2&#8243; _builder_version=&#187;4.16&#8243; _module_preset=&#187;default&#187; global_colors_info=&#187;{}&#187;][et_pb_text _builder_version=&#187;4.27.6&#8243; _module_preset=&#187;default&#187; text_font=&#187;|300|||||||&#187; text_font_size=&#187;16px&#187; text_line_height=&#187;1.8em&#187; header_2_font_size=&#187;36px&#187; header_2_line_height=&#187;1.2em&#187; global_colors_info=&#187;{}&#187;]<h2>Resilienz und Kindercoaching<\/h2>\n<p><span role=\"text\"><strong data-start=\"210\" data-end=\"273\">Stark durchs Leben \u2013 Kinder liebevoll begleiten und st\u00e4rken<\/strong><\/span><\/p>\n<p data-start=\"275\" data-end=\"411\">Manche Kinder sind schnell \u00fcberw\u00e4ltigt von ihren Gef\u00fchlen.<br data-start=\"333\" data-end=\"336\" \/>Wut, Frust, Angst oder Unsicherheit k\u00f6nnen ihren Alltag stark beeinflussen.<\/p>\n<p>Vielleicht kennst du das von deinem Kind:<\/p>\n<ul data-start=\"455\" data-end=\"650\">\n<li data-section-id=\"1qduogk\" data-start=\"455\" data-end=\"498\">Es reagiert schnell w\u00fctend oder traurig<\/li>\n<li data-section-id=\"phtvaz\" data-start=\"499\" data-end=\"543\">Es ist unsicher oder traut sich wenig zu<\/li>\n<li data-section-id=\"1ca8zmv\" data-start=\"544\" data-end=\"602\">Es zieht sich zur\u00fcck oder hat M\u00fche mit anderen Kindern<\/li>\n<li data-section-id=\"1ca8zmv\" data-start=\"544\" data-end=\"602\">Starke Gef\u00fchle \u201e\u00fcberrollen\u201c es immer wieder<\/li>\n<\/ul>\n<p>Genau hier setze ich an.<\/p>\n<p>&nbsp;<\/p>[\/et_pb_text][\/et_pb_column][et_pb_column type=&#187;1_2&#8243; _builder_version=&#187;4.16&#8243; _module_preset=&#187;default&#187; global_colors_info=&#187;{}&#187;][et_pb_image src=&#187;https:\/\/chinderschtuba.ch\/wp-content\/uploads\/2026\/04\/fotolia_84096666.jpg&#187; title_text=&#187;Kind baut Haus mit Baukltzen&#187; _builder_version=&#187;4.27.6&#8243; _module_preset=&#187;default&#187; min_height=&#187;460px&#187; global_colors_info=&#187;{}&#187;][\/et_pb_image][\/et_pb_column][\/et_pb_row][\/et_pb_section][et_pb_section fb_built=&#187;1&#8243; _builder_version=&#187;4.16&#8243; _module_preset=&#187;default&#187; global_colors_info=&#187;{}&#187;][et_pb_row _builder_version=&#187;4.16&#8243; _module_preset=&#187;default&#187; global_colors_info=&#187;{}&#187; column_structure=&#187;1_2,1_2&#8243;][et_pb_column type=&#187;1_2&#8243; _builder_version=&#187;4.16&#8243; _module_preset=&#187;default&#187; global_colors_info=&#187;{}&#187;][et_pb_text _builder_version=&#187;4.27.6&#8243; _module_preset=&#187;default&#187; hover_enabled=&#187;0&#8243; global_colors_info=&#187;{}&#187; sticky_enabled=&#187;0&#8243;]<h2 data-section-id=\"1u879mf\" data-start=\"686\" data-end=\"720\"><span role=\"text\"><strong data-start=\"689\" data-end=\"720\">Was dein Kind bei mir lernt<\/strong><\/span><\/h2>[\/et_pb_text][\/et_pb_column][et_pb_column _builder_version=&#187;4.27.6&#8243; _module_preset=&#187;default&#187; type=&#187;1_2&#8243;][et_pb_text _builder_version=&#187;4.27.6&#8243; _module_preset=&#187;default&#187; header_font=&#187;||||||||&#187; hover_enabled=&#187;0&#8243; sticky_enabled=&#187;0&#8243;]<h2><strong>So arbeite ich<\/strong><\/h2>[\/et_pb_text][\/et_pb_column][\/et_pb_row][et_pb_row column_structure=&#187;1_2,1_2&#8243; _builder_version=&#187;4.16&#8243; _module_preset=&#187;default&#187; global_colors_info=&#187;{}&#187;][et_pb_column type=&#187;1_2&#8243; _builder_version=&#187;4.16&#8243; _module_preset=&#187;default&#187; global_colors_info=&#187;{}&#187;][et_pb_text _builder_version=&#187;4.27.6&#8243; _module_preset=&#187;default&#187; text_font=&#187;|300|||||||&#187; text_font_size=&#187;16px&#187; text_line_height=&#187;1.8em&#187; custom_margin=&#187;|-35px||||&#187; hover_enabled=&#187;0&#8243; global_colors_info=&#187;{}&#187; sticky_enabled=&#187;0&#8243;]<p data-start=\"722\" data-end=\"869\">In meinem Resilienztraining begleite ich Kinder dabei, ihre <strong data-start=\"782\" data-end=\"813\">innere St\u00e4rke zu entwickeln<\/strong> und einen gesunden Umgang mit ihren Gef\u00fchlen zu finden.<\/p>\n<p data-start=\"871\" data-end=\"887\">Dein Kind lernt:<\/p>\n<ul data-start=\"888\" data-end=\"1079\">\n<li data-section-id=\"n56wsa\" data-start=\"888\" data-end=\"925\">seine Gef\u00fchle besser zu verstehen<\/li>\n<li data-section-id=\"1d7apu\" data-start=\"926\" data-end=\"964\">mit Wut, Frust und Angst umzugehen<\/li>\n<li data-section-id=\"108fq9p\" data-start=\"965\" data-end=\"1000\">mehr Selbstvertrauen aufzubauen<\/li>\n<li data-section-id=\"zon1e\" data-start=\"1001\" data-end=\"1043\">L\u00f6sungen zu finden statt zu blockieren<\/li>\n<li data-section-id=\"11afisw\" data-start=\"1044\" data-end=\"1079\">sich selbst besser wahrzunehmen<\/li>\n<\/ul>\n<p data-start=\"1081\" data-end=\"1207\">Ziel ist nicht \u201eperfektes Verhalten\u201c, sondern ein <strong data-start=\"1133\" data-end=\"1166\">starkes, selbstbewusstes Kind<\/strong>, das sich selbst besser regulieren kann.<\/p>[\/et_pb_text][\/et_pb_column][et_pb_column type=&#187;1_2&#8243; _builder_version=&#187;4.16&#8243; _module_preset=&#187;default&#187; global_colors_info=&#187;{}&#187;][et_pb_text _builder_version=&#187;4.27.6&#8243; _module_preset=&#187;default&#187; text_font=&#187;|300|||||||&#187; width=&#187;98.5%&#187; hover_enabled=&#187;0&#8243; global_colors_info=&#187;{}&#187; text_font_size=&#187;16px&#187; sticky_enabled=&#187;0&#8243;]<p data-start=\"1237\" data-end=\"1301\">Kinder lernen anders als Erwachsene \u2013 deshalb ist mein Coaching:<\/p>\n<ul data-start=\"1303\" data-end=\"1484\">\n<li data-section-id=\"dq41ps\" data-start=\"1303\" data-end=\"1338\">spielerisch und kindgerecht<\/li>\n<li data-section-id=\"190r1ae\" data-start=\"1339\" data-end=\"1389\">mit Gespr\u00e4chen, kreativen \u00dcbungen und Bewegung<\/li>\n<li data-section-id=\"1f2k5wz\" data-start=\"1390\" data-end=\"1443\">mit Geschichten, Bildern und einfachen Strategien<\/li>\n<li data-section-id=\"9pbxse\" data-start=\"1444\" data-end=\"1484\">individuell auf dein Kind abgestimmt<\/li>\n<\/ul>\n<p data-start=\"1486\" data-end=\"1580\">Ich schaffe einen gesch\u00fctzten Raum, in dem sich dein Kind \u00f6ffnen darf und ernst genommen wird.<\/p>[\/et_pb_text][\/et_pb_column][\/et_pb_row][\/et_pb_section][et_pb_section fb_built=&#187;1&#8243; _builder_version=&#187;4.16&#8243; _module_preset=&#187;default&#187; background_color=&#187;gcid-9ac508f9-9fe9-47e8-9734-87d6016baacb&#187; global_colors_info=&#187;{%22gcid-9ac508f9-9fe9-47e8-9734-87d6016baacb%22:%91%22background_color%22%93}&#187;][et_pb_row _builder_version=&#187;4.16&#8243; _module_preset=&#187;default&#187; global_colors_info=&#187;{}&#187;][et_pb_column type=&#187;4_4&#8243; _builder_version=&#187;4.16&#8243; _module_preset=&#187;default&#187; global_colors_info=&#187;{}&#187;][et_pb_text _builder_version=&#187;4.27.6&#8243; _module_preset=&#187;default&#187; global_colors_info=&#187;{}&#187;]<h2 data-section-id=\"1pftswk\" data-start=\"1587\" data-end=\"1627\"><span role=\"text\"><strong data-start=\"1590\" data-end=\"1627\">F\u00fcr wen ist das Angebot geeignet?<\/strong><\/span><\/h2>[\/et_pb_text][et_pb_text _builder_version=&#187;4.27.6&#8243; _module_preset=&#187;default&#187; text_font=&#187;|300|||||||&#187; text_font_size=&#187;16px&#187; text_line_height=&#187;1.8em&#187; global_colors_info=&#187;{}&#187;]<div class=\"optimize\" id=\"wb_uid80\">\n<p data-start=\"1629\" data-end=\"1671\">Mein Coaching richtet sich an Kinder, die:<\/p>\n<ul data-start=\"1672\" data-end=\"1885\">\n<li data-section-id=\"13dyaje\" data-start=\"1672\" data-end=\"1721\">sehr feinf\u00fchlig oder schnell berfordert sind<\/li>\n<li data-section-id=\"1v0dgd\" data-start=\"1722\" data-end=\"1768\">M\u00fche haben, mit starken Gef\u00fchlen umzugehen<\/li>\n<li data-section-id=\"174bku5\" data-start=\"1769\" data-end=\"1800\">wenig Selbstvertrauen haben<\/li>\n<li data-section-id=\"qjwir4\" data-start=\"1801\" data-end=\"1848\">oft w\u00fctend reagieren oder sich zur\u00fcckziehen<\/li>\n<li data-section-id=\"1gyrxuy\" data-start=\"1849\" data-end=\"1885\">Unterst\u00fctzung im Alltag brauchen<\/li>\n<\/ul>\n<p>Ein Resilienztraining dauert in der Regel 3-5 Sitzungen.<\/p>\n<p><strong>Kosten<\/strong><span role=\"text\"><strong data-start=\"1917\" data-end=\"1946\">:\u00a0<\/strong><\/span><\/p>\n<\/div>\n<div class=\"optimize\">\n<p data-start=\"1947\" data-end=\"1996\">Individuelle Begleitung, abgestimmt auf dein Kind<\/p>\n<ul data-start=\"1998\" data-end=\"2092\">\n<li data-section-id=\"wxnstm\" data-start=\"1998\" data-end=\"2023\">60 Minuten pro Termin<\/li>\n<li data-section-id=\"1alimin\" data-start=\"2024\" data-end=\"2065\">inkl. kurzen Austausch mit den Eltern<\/li>\n<\/ul>\n<p><span><span id=\"wb_uid79\">F\u00fcr einen Termin: Fr.120.-\u00a0<\/span><\/span><\/div>[\/et_pb_text][et_pb_button button_url=&#187;@ET-DC@eyJkeW5hbWljIjp0cnVlLCJjb250ZW50IjoicG9zdF9saW5rX3VybF9wYWdlIiwic2V0dGluZ3MiOnsicG9zdF9pZCI6IjExNSJ9fQ==@&#187; button_text=&#187;Kontakt&#187; _builder_version=&#187;4.16&#8243; _dynamic_attributes=&#187;button_url&#187; _module_preset=&#187;default&#187; custom_button=&#187;on&#187; button_text_size=&#187;16px&#187; global_colors_info=&#187;{}&#187;][\/et_pb_button][\/et_pb_column][\/et_pb_row][\/et_pb_section]\n","protected":false},"excerpt":{"rendered":"<p>Resilienz und Kindercoaching Stark durchs Leben \u2013 Kinder liebevoll begleiten und st\u00e4rken Manche Kinder sind schnell \u00fcberw\u00e4ltigt von ihren Gef\u00fchlen.Wut, Frust, Angst oder Unsicherheit k\u00f6nnen ihren Alltag stark beeinflussen. Vielleicht kennst du das von deinem Kind: Es reagiert schnell w\u00fctend oder traurig Es ist unsicher oder traut sich wenig zu Es zieht sich zur\u00fcck oder [&hellip;]<\/p>\n","protected":false},"author":2,"featured_media":0,"parent":0,"menu_order":0,"comment_status":"closed","ping_status":"closed","template":"","meta":{"_et_pb_use_builder":"on","_et_pb_old_content":"","_et_gb_content_width":"","footnotes":""},"class_list":["post-1010","page","type-page","status-publish","hentry"],"yoast_head":"<!-- This site is optimized with the Yoast SEO plugin v27.0 - https:\/\/yoast.com\/product\/yoast-seo-wordpress\/ -->\n<title>Resilienz und Kindercoaching - Chinderschtuba<\/title>\n<meta name=\"robots\" content=\"index, follow, max-snippet:-1, max-image-preview:large, max-video-preview:-1\" \/>\n<link rel=\"canonical\" href=\"https:\/\/chinderschtuba.ch\/de_ch\/1010-2\/\" \/>\n<meta property=\"og:locale\" content=\"de_DE\" \/>\n<meta property=\"og:type\" content=\"article\" \/>\n<meta property=\"og:title\" content=\"Resilienz und Kindercoaching - Chinderschtuba\" \/>\n<meta property=\"og:description\" content=\"Resilienz und Kindercoaching Stark durchs Leben \u2013 Kinder liebevoll begleiten und st\u00e4rken Manche Kinder sind schnell \u00fcberw\u00e4ltigt von ihren Gef\u00fchlen.Wut, Frust, Angst oder Unsicherheit k\u00f6nnen ihren Alltag stark beeinflussen. Vielleicht kennst du das von deinem Kind: Es reagiert schnell w\u00fctend oder traurig Es ist unsicher oder traut sich wenig zu Es zieht sich zur\u00fcck oder [&hellip;]\" \/>\n<meta property=\"og:url\" content=\"https:\/\/chinderschtuba.ch\/de_ch\/1010-2\/\" \/>\n<meta property=\"og:site_name\" content=\"Chinderschtuba\" \/>\n<meta property=\"article:modified_time\" content=\"2026-04-23T14:09:02+00:00\" \/>\n<meta name=\"twitter:card\" content=\"summary_large_image\" \/>\n<meta name=\"twitter:label1\" content=\"Gesch\u00e4tzte Lesezeit\" \/>\n\t<meta name=\"twitter:data1\" content=\"2\u00a0Minuten\" \/>\n<script type=\"application\/ld+json\" class=\"yoast-schema-graph\">{\"@context\":\"https:\/\/schema.org\",\"@graph\":[{\"@type\":\"WebPage\",\"@id\":\"https:\/\/chinderschtuba.ch\/1010-2\/\",\"url\":\"https:\/\/chinderschtuba.ch\/1010-2\/\",\"name\":\"Resilienz und Kindercoaching - Chinderschtuba\",\"isPartOf\":{\"@id\":\"https:\/\/chinderschtuba.ch\/#website\"},\"datePublished\":\"2026-04-23T13:01:13+00:00\",\"dateModified\":\"2026-04-23T14:09:02+00:00\",\"breadcrumb\":{\"@id\":\"https:\/\/chinderschtuba.ch\/1010-2\/#breadcrumb\"},\"inLanguage\":\"de-CH\",\"potentialAction\":[{\"@type\":\"ReadAction\",\"target\":[\"https:\/\/chinderschtuba.ch\/1010-2\/\"]}]},{\"@type\":\"BreadcrumbList\",\"@id\":\"https:\/\/chinderschtuba.ch\/1010-2\/#breadcrumb\",\"itemListElement\":[{\"@type\":\"ListItem\",\"position\":1,\"name\":\"Startseite\",\"item\":\"https:\/\/chinderschtuba.ch\/de_ch\/\"},{\"@type\":\"ListItem\",\"position\":2,\"name\":\"Resilienz und Kindercoaching\"}]},{\"@type\":\"WebSite\",\"@id\":\"https:\/\/chinderschtuba.ch\/#website\",\"url\":\"https:\/\/chinderschtuba.ch\/\",\"name\":\"Chinderschtuba - Spielgruppe - Schlafberatung - Elternberatung\",\"description\":\"erleben - verstehen - erleben\",\"publisher\":{\"@id\":\"https:\/\/chinderschtuba.ch\/#\/schema\/person\/1e2167380158b46fd82d8e4eb9b373f8\"},\"potentialAction\":[{\"@type\":\"SearchAction\",\"target\":{\"@type\":\"EntryPoint\",\"urlTemplate\":\"https:\/\/chinderschtuba.ch\/?s={search_term_string}\"},\"query-input\":{\"@type\":\"PropertyValueSpecification\",\"valueRequired\":true,\"valueName\":\"search_term_string\"}}],\"inLanguage\":\"de-CH\"},{\"@type\":[\"Person\",\"Organization\"],\"@id\":\"https:\/\/chinderschtuba.ch\/#\/schema\/person\/1e2167380158b46fd82d8e4eb9b373f8\",\"name\":\"Carmen Furrer\",\"image\":{\"@type\":\"ImageObject\",\"inLanguage\":\"de-CH\",\"@id\":\"https:\/\/chinderschtuba.ch\/#\/schema\/person\/image\/\",\"url\":\"https:\/\/chinderschtuba.ch\/wp-content\/uploads\/2023\/06\/logo_chinderschtuba-cf.png\",\"contentUrl\":\"https:\/\/chinderschtuba.ch\/wp-content\/uploads\/2023\/06\/logo_chinderschtuba-cf.png\",\"width\":993,\"height\":511,\"caption\":\"Carmen Furrer\"},\"logo\":{\"@id\":\"https:\/\/chinderschtuba.ch\/#\/schema\/person\/image\/\"},\"sameAs\":[\"http:\/\/www.chinderschtuba.ch\"]}]}<\/script>\n<!-- \/ Yoast SEO plugin. -->","yoast_head_json":{"title":"Resilienz und Kindercoaching - Chinderschtuba","robots":{"index":"index","follow":"follow","max-snippet":"max-snippet:-1","max-image-preview":"max-image-preview:large","max-video-preview":"max-video-preview:-1"},"canonical":"https:\/\/chinderschtuba.ch\/de_ch\/1010-2\/","og_locale":"de_DE","og_type":"article","og_title":"Resilienz und Kindercoaching - Chinderschtuba","og_description":"Resilienz und Kindercoaching Stark durchs Leben \u2013 Kinder liebevoll begleiten und st\u00e4rken Manche Kinder sind schnell \u00fcberw\u00e4ltigt von ihren Gef\u00fchlen.Wut, Frust, Angst oder Unsicherheit k\u00f6nnen ihren Alltag stark beeinflussen. Vielleicht kennst du das von deinem Kind: Es reagiert schnell w\u00fctend oder traurig Es ist unsicher oder traut sich wenig zu Es zieht sich zur\u00fcck oder [&hellip;]","og_url":"https:\/\/chinderschtuba.ch\/de_ch\/1010-2\/","og_site_name":"Chinderschtuba","article_modified_time":"2026-04-23T14:09:02+00:00","twitter_card":"summary_large_image","twitter_misc":{"Gesch\u00e4tzte Lesezeit":"2\u00a0Minuten"},"schema":{"@context":"https:\/\/schema.org","@graph":[{"@type":"WebPage","@id":"https:\/\/chinderschtuba.ch\/1010-2\/","url":"https:\/\/chinderschtuba.ch\/1010-2\/","name":"Resilienz und Kindercoaching - Chinderschtuba","isPartOf":{"@id":"https:\/\/chinderschtuba.ch\/#website"},"datePublished":"2026-04-23T13:01:13+00:00","dateModified":"2026-04-23T14:09:02+00:00","breadcrumb":{"@id":"https:\/\/chinderschtuba.ch\/1010-2\/#breadcrumb"},"inLanguage":"de-CH","potentialAction":[{"@type":"ReadAction","target":["https:\/\/chinderschtuba.ch\/1010-2\/"]}]},{"@type":"BreadcrumbList","@id":"https:\/\/chinderschtuba.ch\/1010-2\/#breadcrumb","itemListElement":[{"@type":"ListItem","position":1,"name":"Startseite","item":"https:\/\/chinderschtuba.ch\/de_ch\/"},{"@type":"ListItem","position":2,"name":"Resilienz und Kindercoaching"}]},{"@type":"WebSite","@id":"https:\/\/chinderschtuba.ch\/#website","url":"https:\/\/chinderschtuba.ch\/","name":"Chinderschtuba - Spielgruppe - Schlafberatung - Elternberatung","description":"erleben - verstehen - erleben","publisher":{"@id":"https:\/\/chinderschtuba.ch\/#\/schema\/person\/1e2167380158b46fd82d8e4eb9b373f8"},"potentialAction":[{"@type":"SearchAction","target":{"@type":"EntryPoint","urlTemplate":"https:\/\/chinderschtuba.ch\/?s={search_term_string}"},"query-input":{"@type":"PropertyValueSpecification","valueRequired":true,"valueName":"search_term_string"}}],"inLanguage":"de-CH"},{"@type":["Person","Organization"],"@id":"https:\/\/chinderschtuba.ch\/#\/schema\/person\/1e2167380158b46fd82d8e4eb9b373f8","name":"Carmen Furrer","image":{"@type":"ImageObject","inLanguage":"de-CH","@id":"https:\/\/chinderschtuba.ch\/#\/schema\/person\/image\/","url":"https:\/\/chinderschtuba.ch\/wp-content\/uploads\/2023\/06\/logo_chinderschtuba-cf.png","contentUrl":"https:\/\/chinderschtuba.ch\/wp-content\/uploads\/2023\/06\/logo_chinderschtuba-cf.png","width":993,"height":511,"caption":"Carmen Furrer"},"logo":{"@id":"https:\/\/chinderschtuba.ch\/#\/schema\/person\/image\/"},"sameAs":["http:\/\/www.chinderschtuba.ch"]}]}},"_links":{"self":[{"href":"https:\/\/chinderschtuba.ch\/de_ch\/wp-json\/wp\/v2\/pages\/1010","targetHints":{"allow":["GET"]}}],"collection":[{"href":"https:\/\/chinderschtuba.ch\/de_ch\/wp-json\/wp\/v2\/pages"}],"about":[{"href":"https:\/\/chinderschtuba.ch\/de_ch\/wp-json\/wp\/v2\/types\/page"}],"author":[{"embeddable":true,"href":"https:\/\/chinderschtuba.ch\/de_ch\/wp-json\/wp\/v2\/users\/2"}],"replies":[{"embeddable":true,"href":"https:\/\/chinderschtuba.ch\/de_ch\/wp-json\/wp\/v2\/comments?post=1010"}],"version-history":[{"count":9,"href":"https:\/\/chinderschtuba.ch\/de_ch\/wp-json\/wp\/v2\/pages\/1010\/revisions"}],"predecessor-version":[{"id":1031,"href":"https:\/\/chinderschtuba.ch\/de_ch\/wp-json\/wp\/v2\/pages\/1010\/revisions\/1031"}],"wp:attachment":[{"href":"https:\/\/chinderschtuba.ch\/de_ch\/wp-json\/wp\/v2\/media?parent=1010"}],"curies":[{"name":"wp","href":"https:\/\/api.w.org\/{rel}","templated":true}]}}