{"id":103,"date":"2021-09-12T19:58:19","date_gmt":"2021-09-12T17:58:19","guid":{"rendered":"https:\/\/chinderschtuba.ch.copernicus.sui-inter.net\/?page_id=103"},"modified":"2025-09-22T18:40:00","modified_gmt":"2025-09-22T16:40:00","slug":"elternberatung","status":"publish","type":"page","link":"https:\/\/chinderschtuba.ch\/de_ch\/elternberatung\/","title":{"rendered":"Elternberatung"},"content":{"rendered":"<p>[et_pb_section fb_built=&#187;1&#8243; _builder_version=&#187;4.16&#8243; _module_preset=&#187;default&#187; background_color=&#187;#fefbf8&#8243; border_color_top=&#187;gcid-3834b130-d4ca-4a1e-b409-812852908a7f&#187; border_style_top=&#187;dotted&#187; global_colors_info=&#187;{%22gcid-3834b130-d4ca-4a1e-b409-812852908a7f%22:%91%22border_color_top%22%93}&#187;][et_pb_row column_structure=&#187;1_2,1_2&#8243; _builder_version=&#187;4.27.4&#8243; _module_preset=&#187;default&#187; hover_enabled=&#187;0&#8243; global_colors_info=&#187;{}&#187; sticky_enabled=&#187;0&#8243;][et_pb_column type=&#187;1_2&#8243; _builder_version=&#187;4.16&#8243; _module_preset=&#187;default&#187; global_colors_info=&#187;{}&#187;][et_pb_text _builder_version=&#187;4.27.4&#8243; _module_preset=&#187;default&#187; text_font=&#187;|300|||||||&#187; text_font_size=&#187;16px&#187; text_line_height=&#187;1.8em&#187; header_2_font_size=&#187;36px&#187; header_2_line_height=&#187;1.4em&#187; hover_enabled=&#187;0&#8243; global_colors_info=&#187;{}&#187; sticky_enabled=&#187;0&#8243;]<\/p>\n<h2>Elternberatung und Resilienzcoaching<\/h2>\n<p>Eltern m\u00f6chten immer das Beste f\u00fcr ihre Kinder \u2013 manchmal hilft dabei ein Blick von aussen. In meiner Elternberatung und meinem Resilienzcoaching unterst\u00fctze ich Familien dabei, Krisen zu bew\u00e4ltigen, Ressourcen zu entdecken und gest\u00e4rkt durch den Alltag zu gehen.<\/p>\n<p>&nbsp;<\/p>\n<p>[\/et_pb_text][et_pb_text _builder_version=&#187;4.27.4&#8243; _module_preset=&#187;default&#187; text_font=&#187;|300|||||||&#187; text_font_size=&#187;16px&#187; text_line_height=&#187;1.8em&#187; hover_enabled=&#187;0&#8243; global_colors_info=&#187;{}&#187; sticky_enabled=&#187;0&#8243;]<\/p>\n<p>Gerne unterst\u00fctze ich Sie bei:<\/p>\n<ul>\n<li>Erziehungsthemen<\/li>\n<li>Sorgen um die kindliche Entwicklung<\/li>\n<li>Schlaf, Wickeln, Ern\u00e4hrung<\/li>\n<li>\u00dcberforderung oder Stress im Elternalltag<\/li>\n<li>herausfordernden Alltagsituationen mit Kindern<\/li>\n<li>gef\u00fchlsstarken Kindern<\/li>\n<li>St\u00e4rkung von Selbstwertgef\u00fchl und Resilienz<\/li>\n<li>individuellen Coaching-Formaten f\u00fcr Familie und Kind<\/li>\n<\/ul>\n<p>&nbsp;<\/p>\n<p>[\/et_pb_text][\/et_pb_column][et_pb_column type=&#187;1_2&#8243; _builder_version=&#187;4.16&#8243; _module_preset=&#187;default&#187; global_colors_info=&#187;{}&#187;][et_pb_image src=&#187;https:\/\/chinderschtuba.ch\/wp-content\/uploads\/2021\/10\/familie.jpg&#187; title_text=&#187;familie&#187; _builder_version=&#187;4.16&#8243; _module_preset=&#187;default&#187; global_colors_info=&#187;{}&#187;][\/et_pb_image][\/et_pb_column][\/et_pb_row][\/et_pb_section][et_pb_section fb_built=&#187;1&#8243; _builder_version=&#187;4.16&#8243; _module_preset=&#187;default&#187; custom_padding=&#187;28px|||||&#187; global_colors_info=&#187;{}&#187;][et_pb_row column_structure=&#187;1_2,1_2&#8243; _builder_version=&#187;4.16&#8243; _module_preset=&#187;default&#187; global_colors_info=&#187;{}&#187;][et_pb_column type=&#187;1_2&#8243; _builder_version=&#187;4.16&#8243; _module_preset=&#187;default&#187; global_colors_info=&#187;{}&#187;][et_pb_text _builder_version=&#187;4.25.2&#8243; _module_preset=&#187;default&#187; text_font=&#187;|300|||||||&#187; text_font_size=&#187;16px&#187; text_line_height=&#187;1.8em&#187; global_colors_info=&#187;{}&#187;]<\/p>\n<h2>Ablauf der Beratung<\/h2>\n<div class=\"optimize\" id=\"wb_uid26\">\n<div class=\"optimize\" id=\"wb_uid31\"><span id=\"wb_uid32\">Bei einer ersten kostenlosen Kontaktaufnahme besprechen wir<\/span><\/div>\n<div class=\"optimize\" id=\"wb_uid33\"><span id=\"wb_uid34\">gemeinsam, was Sie als Familie brauchen und wie ich Sie dabei<\/span><\/div>\n<div class=\"optimize\" id=\"wb_uid35\"><span id=\"wb_uid36\">unterst\u00fctzen kann.<\/span><\/div>\n<div class=\"optimize\" id=\"wb_uid37\"><span id=\"wb_uid38\">Bei einer Beratung bei mir in der Chinderschtuba, online via zoom oder bei Ihnen zu <\/span><span id=\"wb_uid40\">Hause gehen wir gemeinsam den Problemen auf den Grund und finden <\/span><span id=\"wb_uid42\">L\u00f6sungen.<\/span><\/div>\n<div class=\"optimize\"><span>Manchmal entsteht aus einer Elternberatung auch ein Coaching mit Ihrem Kind. Dann arbeite ich individuell mit dem Kind zusammen, um die Ziele der Beratung noch besser erreichen zu k\u00f6nnen.<\/span><\/div>\n<div class=\"optimize\"><span><\/span><\/div>\n<\/div>\n<p>[\/et_pb_text][\/et_pb_column][et_pb_column type=&#187;1_2&#8243; _builder_version=&#187;4.16&#8243; _module_preset=&#187;default&#187; global_colors_info=&#187;{}&#187;][et_pb_text _builder_version=&#187;4.16&#8243; _module_preset=&#187;default&#187; text_font=&#187;|300|||||||&#187; text_font_size=&#187;16px&#187; text_line_height=&#187;1.8em&#187; global_colors_info=&#187;{}&#187;]<\/p>\n<h2>Ziel der Beratung<\/h2>\n<div class=\"optimize\" id=\"wb_uid26\"><span id=\"wb_uid27\">Mein Ziel ist es, Ihnen den R\u00fccken zu st\u00e4rken, Wege zu finden, die f\u00fcr<\/span><\/div>\n<div class=\"optimize\" id=\"wb_uid28\"><span id=\"wb_uid29\">Sie als Familie passen und Sie auf Ihrem Weg st\u00e4rken.<\/span><\/div>\n<p>[\/et_pb_text][\/et_pb_column][\/et_pb_row][\/et_pb_section][et_pb_section fb_built=&#187;1&#8243; _builder_version=&#187;4.16&#8243; _module_preset=&#187;default&#187; background_color=&#187;gcid-9ac508f9-9fe9-47e8-9734-87d6016baacb&#187; global_colors_info=&#187;{%22gcid-9ac508f9-9fe9-47e8-9734-87d6016baacb%22:%91%22background_color%22%93}&#187;][et_pb_row _builder_version=&#187;4.16&#8243; _module_preset=&#187;default&#187; global_colors_info=&#187;{}&#187;][et_pb_column type=&#187;4_4&#8243; _builder_version=&#187;4.16&#8243; _module_preset=&#187;default&#187; global_colors_info=&#187;{}&#187;][et_pb_text _builder_version=&#187;4.16&#8243; _module_preset=&#187;default&#187; global_colors_info=&#187;{}&#187;]<\/p>\n<h2>Information<\/h2>\n<p>[\/et_pb_text][et_pb_text _builder_version=&#187;4.25.2&#8243; _module_preset=&#187;default&#187; text_font=&#187;|300|||||||&#187; text_font_size=&#187;16px&#187; text_line_height=&#187;1.8em&#187; global_colors_info=&#187;{}&#187;]<\/p>\n<div class=\"optimize\" id=\"wb_uid78\"><strong>Dauer:<\/strong><\/div>\n<div class=\"optimize\" id=\"wb_uid80\">\n<p><span id=\"wb_uid81\">Genau so individuell wie jedes Problem ist, so ist auch jede Beratung bei mir. Eine Elternberatung dauert in der Regel zwischen 2 bis 4 Sitzungen. Falls parallel noch ein Coaching mit dem Kind stattfindet, dauert auch dies zwischen 3 und 5 Treffen.<br \/><\/span><\/p>\n<p><strong>Kosten:<\/strong><\/p>\n<\/div>\n<div class=\"optimize\"><span><span id=\"wb_uid79\">F\u00fcr eine Sitzung \u00e0 60 Minuten: Fr.120.-<\/span><\/span><\/div>\n<p>[\/et_pb_text][et_pb_button button_url=&#187;@ET-DC@eyJkeW5hbWljIjp0cnVlLCJjb250ZW50IjoicG9zdF9saW5rX3VybF9wYWdlIiwic2V0dGluZ3MiOnsicG9zdF9pZCI6IjExNSJ9fQ==@&#187; button_text=&#187;Kontakt&#187; _builder_version=&#187;4.16&#8243; _dynamic_attributes=&#187;button_url&#187; _module_preset=&#187;default&#187; custom_button=&#187;on&#187; button_text_size=&#187;16px&#187; global_colors_info=&#187;{}&#187;][\/et_pb_button][\/et_pb_column][\/et_pb_row][\/et_pb_section]<\/p>\n","protected":false},"excerpt":{"rendered":"<p>Elternberatung und Resilienzcoaching Eltern m\u00f6chten immer das Beste f\u00fcr ihre Kinder \u2013 manchmal hilft dabei ein Blick von aussen. In meiner Elternberatung und meinem Resilienzcoaching unterst\u00fctze ich Familien dabei, Krisen zu bew\u00e4ltigen, Ressourcen zu entdecken und gest\u00e4rkt durch den Alltag zu gehen. &nbsp;Gerne unterst\u00fctze ich Sie bei: Erziehungsthemen Sorgen um die kindliche Entwicklung Schlaf, Wickeln, [&hellip;]<\/p>\n","protected":false},"author":1,"featured_media":0,"parent":0,"menu_order":0,"comment_status":"closed","ping_status":"closed","template":"","meta":{"_et_pb_use_builder":"on","_et_pb_old_content":"<!-- wp:divi\/placeholder \/-->","_et_gb_content_width":"","footnotes":""},"class_list":["post-103","page","type-page","status-publish","hentry"],"yoast_head":"<!-- This site is optimized with the Yoast SEO plugin v27.0 - https:\/\/yoast.com\/product\/yoast-seo-wordpress\/ -->\n<title>Elternberatung - Chinderschtuba<\/title>\n<meta name=\"robots\" content=\"index, follow, max-snippet:-1, max-image-preview:large, max-video-preview:-1\" \/>\n<link rel=\"canonical\" href=\"https:\/\/chinderschtuba.ch\/de_ch\/elternberatung\/\" \/>\n<meta property=\"og:locale\" content=\"de_DE\" \/>\n<meta property=\"og:type\" content=\"article\" \/>\n<meta property=\"og:title\" content=\"Elternberatung - Chinderschtuba\" \/>\n<meta property=\"og:description\" content=\"Elternberatung und Resilienzcoaching Eltern m\u00f6chten immer das Beste f\u00fcr ihre Kinder \u2013 manchmal hilft dabei ein Blick von aussen. In meiner Elternberatung und meinem Resilienzcoaching unterst\u00fctze ich Familien dabei, Krisen zu bew\u00e4ltigen, Ressourcen zu entdecken und gest\u00e4rkt durch den Alltag zu gehen. &nbsp;Gerne unterst\u00fctze ich Sie bei: Erziehungsthemen Sorgen um die kindliche Entwicklung Schlaf, Wickeln, [&hellip;]\" \/>\n<meta property=\"og:url\" content=\"https:\/\/chinderschtuba.ch\/de_ch\/elternberatung\/\" \/>\n<meta property=\"og:site_name\" content=\"Chinderschtuba\" \/>\n<meta property=\"article:modified_time\" content=\"2025-09-22T16:40:00+00:00\" \/>\n<meta name=\"twitter:card\" content=\"summary_large_image\" \/>\n<meta name=\"twitter:label1\" content=\"Gesch\u00e4tzte Lesezeit\" \/>\n\t<meta name=\"twitter:data1\" content=\"4\u00a0Minuten\" \/>\n<script type=\"application\/ld+json\" class=\"yoast-schema-graph\">{\"@context\":\"https:\/\/schema.org\",\"@graph\":[{\"@type\":\"WebPage\",\"@id\":\"https:\/\/chinderschtuba.ch\/de_ch\/elternberatung\/\",\"url\":\"https:\/\/chinderschtuba.ch\/de_ch\/elternberatung\/\",\"name\":\"Elternberatung - Chinderschtuba\",\"isPartOf\":{\"@id\":\"https:\/\/chinderschtuba.ch\/#website\"},\"datePublished\":\"2021-09-12T17:58:19+00:00\",\"dateModified\":\"2025-09-22T16:40:00+00:00\",\"breadcrumb\":{\"@id\":\"https:\/\/chinderschtuba.ch\/de_ch\/elternberatung\/#breadcrumb\"},\"inLanguage\":\"de-CH\",\"potentialAction\":[{\"@type\":\"ReadAction\",\"target\":[\"https:\/\/chinderschtuba.ch\/de_ch\/elternberatung\/\"]}]},{\"@type\":\"BreadcrumbList\",\"@id\":\"https:\/\/chinderschtuba.ch\/de_ch\/elternberatung\/#breadcrumb\",\"itemListElement\":[{\"@type\":\"ListItem\",\"position\":1,\"name\":\"Startseite\",\"item\":\"https:\/\/chinderschtuba.ch\/\"},{\"@type\":\"ListItem\",\"position\":2,\"name\":\"Elternberatung\"}]},{\"@type\":\"WebSite\",\"@id\":\"https:\/\/chinderschtuba.ch\/#website\",\"url\":\"https:\/\/chinderschtuba.ch\/\",\"name\":\"Chinderschtuba - Spielgruppe - Schlafberatung - Elternberatung\",\"description\":\"erleben - verstehen - erleben\",\"publisher\":{\"@id\":\"https:\/\/chinderschtuba.ch\/#\/schema\/person\/1e2167380158b46fd82d8e4eb9b373f8\"},\"potentialAction\":[{\"@type\":\"SearchAction\",\"target\":{\"@type\":\"EntryPoint\",\"urlTemplate\":\"https:\/\/chinderschtuba.ch\/?s={search_term_string}\"},\"query-input\":{\"@type\":\"PropertyValueSpecification\",\"valueRequired\":true,\"valueName\":\"search_term_string\"}}],\"inLanguage\":\"de-CH\"},{\"@type\":[\"Person\",\"Organization\"],\"@id\":\"https:\/\/chinderschtuba.ch\/#\/schema\/person\/1e2167380158b46fd82d8e4eb9b373f8\",\"name\":\"Carmen Furrer\",\"image\":{\"@type\":\"ImageObject\",\"inLanguage\":\"de-CH\",\"@id\":\"https:\/\/chinderschtuba.ch\/#\/schema\/person\/image\/\",\"url\":\"https:\/\/chinderschtuba.ch\/wp-content\/uploads\/2023\/06\/logo_chinderschtuba-cf.png\",\"contentUrl\":\"https:\/\/chinderschtuba.ch\/wp-content\/uploads\/2023\/06\/logo_chinderschtuba-cf.png\",\"width\":993,\"height\":511,\"caption\":\"Carmen Furrer\"},\"logo\":{\"@id\":\"https:\/\/chinderschtuba.ch\/#\/schema\/person\/image\/\"},\"sameAs\":[\"http:\/\/www.chinderschtuba.ch\"]}]}<\/script>\n<!-- \/ Yoast SEO plugin. -->","yoast_head_json":{"title":"Elternberatung - Chinderschtuba","robots":{"index":"index","follow":"follow","max-snippet":"max-snippet:-1","max-image-preview":"max-image-preview:large","max-video-preview":"max-video-preview:-1"},"canonical":"https:\/\/chinderschtuba.ch\/de_ch\/elternberatung\/","og_locale":"de_DE","og_type":"article","og_title":"Elternberatung - Chinderschtuba","og_description":"Elternberatung und Resilienzcoaching Eltern m\u00f6chten immer das Beste f\u00fcr ihre Kinder \u2013 manchmal hilft dabei ein Blick von aussen. In meiner Elternberatung und meinem Resilienzcoaching unterst\u00fctze ich Familien dabei, Krisen zu bew\u00e4ltigen, Ressourcen zu entdecken und gest\u00e4rkt durch den Alltag zu gehen. &nbsp;Gerne unterst\u00fctze ich Sie bei: Erziehungsthemen Sorgen um die kindliche Entwicklung Schlaf, Wickeln, [&hellip;]","og_url":"https:\/\/chinderschtuba.ch\/de_ch\/elternberatung\/","og_site_name":"Chinderschtuba","article_modified_time":"2025-09-22T16:40:00+00:00","twitter_card":"summary_large_image","twitter_misc":{"Gesch\u00e4tzte Lesezeit":"4\u00a0Minuten"},"schema":{"@context":"https:\/\/schema.org","@graph":[{"@type":"WebPage","@id":"https:\/\/chinderschtuba.ch\/de_ch\/elternberatung\/","url":"https:\/\/chinderschtuba.ch\/de_ch\/elternberatung\/","name":"Elternberatung - Chinderschtuba","isPartOf":{"@id":"https:\/\/chinderschtuba.ch\/#website"},"datePublished":"2021-09-12T17:58:19+00:00","dateModified":"2025-09-22T16:40:00+00:00","breadcrumb":{"@id":"https:\/\/chinderschtuba.ch\/de_ch\/elternberatung\/#breadcrumb"},"inLanguage":"de-CH","potentialAction":[{"@type":"ReadAction","target":["https:\/\/chinderschtuba.ch\/de_ch\/elternberatung\/"]}]},{"@type":"BreadcrumbList","@id":"https:\/\/chinderschtuba.ch\/de_ch\/elternberatung\/#breadcrumb","itemListElement":[{"@type":"ListItem","position":1,"name":"Startseite","item":"https:\/\/chinderschtuba.ch\/"},{"@type":"ListItem","position":2,"name":"Elternberatung"}]},{"@type":"WebSite","@id":"https:\/\/chinderschtuba.ch\/#website","url":"https:\/\/chinderschtuba.ch\/","name":"Chinderschtuba - Spielgruppe - Schlafberatung - Elternberatung","description":"erleben - verstehen - erleben","publisher":{"@id":"https:\/\/chinderschtuba.ch\/#\/schema\/person\/1e2167380158b46fd82d8e4eb9b373f8"},"potentialAction":[{"@type":"SearchAction","target":{"@type":"EntryPoint","urlTemplate":"https:\/\/chinderschtuba.ch\/?s={search_term_string}"},"query-input":{"@type":"PropertyValueSpecification","valueRequired":true,"valueName":"search_term_string"}}],"inLanguage":"de-CH"},{"@type":["Person","Organization"],"@id":"https:\/\/chinderschtuba.ch\/#\/schema\/person\/1e2167380158b46fd82d8e4eb9b373f8","name":"Carmen Furrer","image":{"@type":"ImageObject","inLanguage":"de-CH","@id":"https:\/\/chinderschtuba.ch\/#\/schema\/person\/image\/","url":"https:\/\/chinderschtuba.ch\/wp-content\/uploads\/2023\/06\/logo_chinderschtuba-cf.png","contentUrl":"https:\/\/chinderschtuba.ch\/wp-content\/uploads\/2023\/06\/logo_chinderschtuba-cf.png","width":993,"height":511,"caption":"Carmen Furrer"},"logo":{"@id":"https:\/\/chinderschtuba.ch\/#\/schema\/person\/image\/"},"sameAs":["http:\/\/www.chinderschtuba.ch"]}]}},"_links":{"self":[{"href":"https:\/\/chinderschtuba.ch\/de_ch\/wp-json\/wp\/v2\/pages\/103","targetHints":{"allow":["GET"]}}],"collection":[{"href":"https:\/\/chinderschtuba.ch\/de_ch\/wp-json\/wp\/v2\/pages"}],"about":[{"href":"https:\/\/chinderschtuba.ch\/de_ch\/wp-json\/wp\/v2\/types\/page"}],"author":[{"embeddable":true,"href":"https:\/\/chinderschtuba.ch\/de_ch\/wp-json\/wp\/v2\/users\/1"}],"replies":[{"embeddable":true,"href":"https:\/\/chinderschtuba.ch\/de_ch\/wp-json\/wp\/v2\/comments?post=103"}],"version-history":[{"count":21,"href":"https:\/\/chinderschtuba.ch\/de_ch\/wp-json\/wp\/v2\/pages\/103\/revisions"}],"predecessor-version":[{"id":963,"href":"https:\/\/chinderschtuba.ch\/de_ch\/wp-json\/wp\/v2\/pages\/103\/revisions\/963"}],"wp:attachment":[{"href":"https:\/\/chinderschtuba.ch\/de_ch\/wp-json\/wp\/v2\/media?parent=103"}],"curies":[{"name":"wp","href":"https:\/\/api.w.org\/{rel}","templated":true}]}}