{"id":111,"date":"2021-09-12T19:59:54","date_gmt":"2021-09-12T17:59:54","guid":{"rendered":"https:\/\/chinderschtuba.ch.copernicus.sui-inter.net\/?page_id=111"},"modified":"2023-05-02T19:22:13","modified_gmt":"2023-05-02T17:22:13","slug":"weiterbildung-fuer-erwachsene","status":"publish","type":"page","link":"https:\/\/chinderschtuba.ch\/de_ch\/weiterbildung-fuer-erwachsene\/","title":{"rendered":"Weiterbildung f\u00fcr Fachpersonen"},"content":{"rendered":"<p>[et_pb_section fb_built=&#187;1&#8243; _builder_version=&#187;4.16&#8243; _module_preset=&#187;default&#187; background_color=&#187;#fefbf8&#8243; border_color_top=&#187;gcid-3834b130-d4ca-4a1e-b409-812852908a7f&#187; border_style_top=&#187;dotted&#187; global_colors_info=&#187;{%22gcid-3834b130-d4ca-4a1e-b409-812852908a7f%22:%91%22border_color_top%22%93}&#187;][et_pb_row column_structure=&#187;1_2,1_2&#8243; _builder_version=&#187;4.16&#8243; _module_preset=&#187;default&#187; global_colors_info=&#187;{}&#187;][et_pb_column type=&#187;1_2&#8243; _builder_version=&#187;4.16&#8243; _module_preset=&#187;default&#187; global_colors_info=&#187;{}&#187;][et_pb_text _builder_version=&#187;4.21.0&#8243; _module_preset=&#187;default&#187; text_font=&#187;|300|||||||&#187; text_font_size=&#187;16px&#187; text_line_height=&#187;1.8em&#187; header_2_font_size=&#187;36px&#187; header_2_line_height=&#187;1.2em&#187; hover_enabled=&#187;0&#8243; global_colors_info=&#187;{}&#187; sticky_enabled=&#187;0&#8243;]<\/p>\n<h2>Weiterbildung<\/h2>\n<h3>f\u00fcr Kindertagesst\u00e4tten oder Fachleute<\/h3>\n<p>Dank meiner Ausbildung, Weiterbildung und praktischen Erfahrung kann ich Ihnen ein breit gef\u00e4chertes Angebot an Weiterbildungen f\u00fcr Ihr Team anbieten.<\/p>\n<p>[\/et_pb_text][\/et_pb_column][et_pb_column type=&#187;1_2&#8243; _builder_version=&#187;4.16&#8243; _module_preset=&#187;default&#187; global_colors_info=&#187;{}&#187;][et_pb_image src=&#187;https:\/\/chinderschtuba.ch.copernicus.sui-inter.net\/wp-content\/uploads\/2021\/10\/spielen.jpg&#187; title_text=&#187;spielen&#187; _builder_version=&#187;4.16&#8243; _module_preset=&#187;default&#187; global_colors_info=&#187;{}&#187;][\/et_pb_image][\/et_pb_column][\/et_pb_row][\/et_pb_section][et_pb_section fb_built=&#187;1&#8243; _builder_version=&#187;4.16&#8243; _module_preset=&#187;default&#187; global_colors_info=&#187;{}&#187;][et_pb_row column_structure=&#187;3_5,2_5&#8243; _builder_version=&#187;4.16&#8243; _module_preset=&#187;default&#187; min_height=&#187;249px&#187; global_colors_info=&#187;{}&#187;][et_pb_column type=&#187;3_5&#8243; _builder_version=&#187;4.16&#8243; _module_preset=&#187;default&#187; global_colors_info=&#187;{}&#187;][et_pb_text _builder_version=&#187;4.16&#8243; _module_preset=&#187;default&#187; text_font=&#187;|300|||||||&#187; text_font_size=&#187;16px&#187; text_line_height=&#187;1.8em&#187; header_2_font_size=&#187;36px&#187; header_2_line_height=&#187;1.2em&#187; global_colors_info=&#187;{}&#187;]<\/p>\n<h3>M\u00f6gliche Themen f\u00fcr eine Weiterbildung<\/h3>\n<ul>\n<li class=\"optimize\" id=\"wb_uid32\">P\u00e4dagogik von Emmi Pikler<\/li>\n<li class=\"optimize\">Babies und Kleinkinder verstehen und begleiten<\/li>\n<li class=\"optimize\">Trotzalter<\/li>\n<li class=\"optimize\">Sprache<\/li>\n<li class=\"optimize\">Elternarbeit<\/li>\n<li class=\"optimize\">Qualit\u00e4tssicherung<\/li>\n<\/ul>\n<p>[\/et_pb_text][et_pb_button button_url=&#187;@ET-DC@eyJkeW5hbWljIjp0cnVlLCJjb250ZW50IjoicG9zdF9saW5rX3VybF9wYWdlIiwic2V0dGluZ3MiOnsicG9zdF9pZCI6IjExNSJ9fQ==@&#187; button_text=&#187;Kontakt&#187; _builder_version=&#187;4.16&#8243; _dynamic_attributes=&#187;button_url&#187; _module_preset=&#187;default&#187; custom_button=&#187;on&#187; button_text_size=&#187;17px&#187; button_border_width=&#187;2px&#187; global_colors_info=&#187;{}&#187;][\/et_pb_button][\/et_pb_column][et_pb_column type=&#187;2_5&#8243; _builder_version=&#187;4.16&#8243; _module_preset=&#187;default&#187; background_color=&#187;#fefbf8&#8243; custom_padding=&#187;29px||29px|27px|true|false&#187; box_shadow_style=&#187;preset1&#8243; box_shadow_blur=&#187;15px&#187; box_shadow_color=&#187;RGBA(116,76,26,0.21)&#187; global_colors_info=&#187;{}&#187;][et_pb_text _builder_version=&#187;4.21.0&#8243; _module_preset=&#187;default&#187; text_font=&#187;|300|||||||&#187; text_font_size=&#187;16px&#187; custom_padding=&#187;|10px|||false|false&#187; global_colors_info=&#187;{}&#187;]<\/p>\n<h3>Informationen<\/h3>\n<p>Gerne plane ich gemeinsam mit Ihnen den individuellen Ablauf und m\u00f6gliche Themen und Inhalte. Kontaktieren Sie mich f\u00fcr eine unverbindliche Offerte, ich freue mich!<\/p>\n<p>[\/et_pb_text][\/et_pb_column][\/et_pb_row][\/et_pb_section]<\/p>\n","protected":false},"excerpt":{"rendered":"<p>Weiterbildung f\u00fcr Kindertagesst\u00e4tten oder Fachleute Dank meiner Ausbildung, Weiterbildung und praktischen Erfahrung kann ich Ihnen ein breit gef\u00e4chertes Angebot an Weiterbildungen f\u00fcr Ihr Team anbieten.M\u00f6gliche Themen f\u00fcr eine Weiterbildung P\u00e4dagogik von Emmi Pikler Babies und Kleinkinder verstehen und begleiten Trotzalter Sprache Elternarbeit Qualit\u00e4tssicherung Informationen Gerne plane ich gemeinsam mit Ihnen den individuellen Ablauf und m\u00f6gliche [&hellip;]<\/p>\n","protected":false},"author":1,"featured_media":0,"parent":0,"menu_order":0,"comment_status":"closed","ping_status":"closed","template":"","meta":{"_et_pb_use_builder":"on","_et_pb_old_content":"<!-- wp:divi\/placeholder \/-->","_et_gb_content_width":"","footnotes":""},"class_list":["post-111","page","type-page","status-publish","hentry"],"yoast_head":"<!-- This site is optimized with the Yoast SEO plugin v27.0 - https:\/\/yoast.com\/product\/yoast-seo-wordpress\/ -->\n<title>Weiterbildung f\u00fcr Fachpersonen - Chinderschtuba<\/title>\n<meta name=\"robots\" content=\"index, follow, max-snippet:-1, max-image-preview:large, max-video-preview:-1\" \/>\n<link rel=\"canonical\" href=\"https:\/\/chinderschtuba.ch\/de_ch\/weiterbildung-fuer-erwachsene\/\" \/>\n<meta property=\"og:locale\" content=\"de_DE\" \/>\n<meta property=\"og:type\" content=\"article\" \/>\n<meta property=\"og:title\" content=\"Weiterbildung f\u00fcr Fachpersonen - Chinderschtuba\" \/>\n<meta property=\"og:description\" content=\"Weiterbildung f\u00fcr Kindertagesst\u00e4tten oder Fachleute Dank meiner Ausbildung, Weiterbildung und praktischen Erfahrung kann ich Ihnen ein breit gef\u00e4chertes Angebot an Weiterbildungen f\u00fcr Ihr Team anbieten.M\u00f6gliche Themen f\u00fcr eine Weiterbildung P\u00e4dagogik von Emmi Pikler Babies und Kleinkinder verstehen und begleiten Trotzalter Sprache Elternarbeit Qualit\u00e4tssicherung Informationen Gerne plane ich gemeinsam mit Ihnen den individuellen Ablauf und m\u00f6gliche [&hellip;]\" \/>\n<meta property=\"og:url\" content=\"https:\/\/chinderschtuba.ch\/de_ch\/weiterbildung-fuer-erwachsene\/\" \/>\n<meta property=\"og:site_name\" content=\"Chinderschtuba\" \/>\n<meta property=\"article:modified_time\" content=\"2023-05-02T17:22:13+00:00\" \/>\n<meta name=\"twitter:card\" content=\"summary_large_image\" \/>\n<meta name=\"twitter:label1\" content=\"Gesch\u00e4tzte Lesezeit\" \/>\n\t<meta name=\"twitter:data1\" content=\"2\u00a0Minuten\" \/>\n<script type=\"application\/ld+json\" class=\"yoast-schema-graph\">{\"@context\":\"https:\/\/schema.org\",\"@graph\":[{\"@type\":\"WebPage\",\"@id\":\"https:\/\/chinderschtuba.ch\/weiterbildung-fuer-erwachsene\/\",\"url\":\"https:\/\/chinderschtuba.ch\/weiterbildung-fuer-erwachsene\/\",\"name\":\"Weiterbildung f\u00fcr Fachpersonen - Chinderschtuba\",\"isPartOf\":{\"@id\":\"https:\/\/chinderschtuba.ch\/#website\"},\"datePublished\":\"2021-09-12T17:59:54+00:00\",\"dateModified\":\"2023-05-02T17:22:13+00:00\",\"breadcrumb\":{\"@id\":\"https:\/\/chinderschtuba.ch\/weiterbildung-fuer-erwachsene\/#breadcrumb\"},\"inLanguage\":\"de-CH\",\"potentialAction\":[{\"@type\":\"ReadAction\",\"target\":[\"https:\/\/chinderschtuba.ch\/weiterbildung-fuer-erwachsene\/\"]}]},{\"@type\":\"BreadcrumbList\",\"@id\":\"https:\/\/chinderschtuba.ch\/weiterbildung-fuer-erwachsene\/#breadcrumb\",\"itemListElement\":[{\"@type\":\"ListItem\",\"position\":1,\"name\":\"Startseite\",\"item\":\"https:\/\/chinderschtuba.ch\/\"},{\"@type\":\"ListItem\",\"position\":2,\"name\":\"Weiterbildung f\u00fcr Fachpersonen\"}]},{\"@type\":\"WebSite\",\"@id\":\"https:\/\/chinderschtuba.ch\/#website\",\"url\":\"https:\/\/chinderschtuba.ch\/\",\"name\":\"Chinderschtuba - Spielgruppe - Schlafberatung - Elternberatung\",\"description\":\"erleben - verstehen - erleben\",\"publisher\":{\"@id\":\"https:\/\/chinderschtuba.ch\/#\/schema\/person\/1e2167380158b46fd82d8e4eb9b373f8\"},\"potentialAction\":[{\"@type\":\"SearchAction\",\"target\":{\"@type\":\"EntryPoint\",\"urlTemplate\":\"https:\/\/chinderschtuba.ch\/?s={search_term_string}\"},\"query-input\":{\"@type\":\"PropertyValueSpecification\",\"valueRequired\":true,\"valueName\":\"search_term_string\"}}],\"inLanguage\":\"de-CH\"},{\"@type\":[\"Person\",\"Organization\"],\"@id\":\"https:\/\/chinderschtuba.ch\/#\/schema\/person\/1e2167380158b46fd82d8e4eb9b373f8\",\"name\":\"Carmen Furrer\",\"image\":{\"@type\":\"ImageObject\",\"inLanguage\":\"de-CH\",\"@id\":\"https:\/\/chinderschtuba.ch\/#\/schema\/person\/image\/\",\"url\":\"https:\/\/chinderschtuba.ch\/wp-content\/uploads\/2023\/06\/logo_chinderschtuba-cf.png\",\"contentUrl\":\"https:\/\/chinderschtuba.ch\/wp-content\/uploads\/2023\/06\/logo_chinderschtuba-cf.png\",\"width\":993,\"height\":511,\"caption\":\"Carmen Furrer\"},\"logo\":{\"@id\":\"https:\/\/chinderschtuba.ch\/#\/schema\/person\/image\/\"},\"sameAs\":[\"http:\/\/www.chinderschtuba.ch\"]}]}<\/script>\n<!-- \/ Yoast SEO plugin. -->","yoast_head_json":{"title":"Weiterbildung f\u00fcr Fachpersonen - Chinderschtuba","robots":{"index":"index","follow":"follow","max-snippet":"max-snippet:-1","max-image-preview":"max-image-preview:large","max-video-preview":"max-video-preview:-1"},"canonical":"https:\/\/chinderschtuba.ch\/de_ch\/weiterbildung-fuer-erwachsene\/","og_locale":"de_DE","og_type":"article","og_title":"Weiterbildung f\u00fcr Fachpersonen - Chinderschtuba","og_description":"Weiterbildung f\u00fcr Kindertagesst\u00e4tten oder Fachleute Dank meiner Ausbildung, Weiterbildung und praktischen Erfahrung kann ich Ihnen ein breit gef\u00e4chertes Angebot an Weiterbildungen f\u00fcr Ihr Team anbieten.M\u00f6gliche Themen f\u00fcr eine Weiterbildung P\u00e4dagogik von Emmi Pikler Babies und Kleinkinder verstehen und begleiten Trotzalter Sprache Elternarbeit Qualit\u00e4tssicherung Informationen Gerne plane ich gemeinsam mit Ihnen den individuellen Ablauf und m\u00f6gliche [&hellip;]","og_url":"https:\/\/chinderschtuba.ch\/de_ch\/weiterbildung-fuer-erwachsene\/","og_site_name":"Chinderschtuba","article_modified_time":"2023-05-02T17:22:13+00:00","twitter_card":"summary_large_image","twitter_misc":{"Gesch\u00e4tzte Lesezeit":"2\u00a0Minuten"},"schema":{"@context":"https:\/\/schema.org","@graph":[{"@type":"WebPage","@id":"https:\/\/chinderschtuba.ch\/weiterbildung-fuer-erwachsene\/","url":"https:\/\/chinderschtuba.ch\/weiterbildung-fuer-erwachsene\/","name":"Weiterbildung f\u00fcr Fachpersonen - Chinderschtuba","isPartOf":{"@id":"https:\/\/chinderschtuba.ch\/#website"},"datePublished":"2021-09-12T17:59:54+00:00","dateModified":"2023-05-02T17:22:13+00:00","breadcrumb":{"@id":"https:\/\/chinderschtuba.ch\/weiterbildung-fuer-erwachsene\/#breadcrumb"},"inLanguage":"de-CH","potentialAction":[{"@type":"ReadAction","target":["https:\/\/chinderschtuba.ch\/weiterbildung-fuer-erwachsene\/"]}]},{"@type":"BreadcrumbList","@id":"https:\/\/chinderschtuba.ch\/weiterbildung-fuer-erwachsene\/#breadcrumb","itemListElement":[{"@type":"ListItem","position":1,"name":"Startseite","item":"https:\/\/chinderschtuba.ch\/"},{"@type":"ListItem","position":2,"name":"Weiterbildung f\u00fcr Fachpersonen"}]},{"@type":"WebSite","@id":"https:\/\/chinderschtuba.ch\/#website","url":"https:\/\/chinderschtuba.ch\/","name":"Chinderschtuba - Spielgruppe - Schlafberatung - Elternberatung","description":"erleben - verstehen - erleben","publisher":{"@id":"https:\/\/chinderschtuba.ch\/#\/schema\/person\/1e2167380158b46fd82d8e4eb9b373f8"},"potentialAction":[{"@type":"SearchAction","target":{"@type":"EntryPoint","urlTemplate":"https:\/\/chinderschtuba.ch\/?s={search_term_string}"},"query-input":{"@type":"PropertyValueSpecification","valueRequired":true,"valueName":"search_term_string"}}],"inLanguage":"de-CH"},{"@type":["Person","Organization"],"@id":"https:\/\/chinderschtuba.ch\/#\/schema\/person\/1e2167380158b46fd82d8e4eb9b373f8","name":"Carmen Furrer","image":{"@type":"ImageObject","inLanguage":"de-CH","@id":"https:\/\/chinderschtuba.ch\/#\/schema\/person\/image\/","url":"https:\/\/chinderschtuba.ch\/wp-content\/uploads\/2023\/06\/logo_chinderschtuba-cf.png","contentUrl":"https:\/\/chinderschtuba.ch\/wp-content\/uploads\/2023\/06\/logo_chinderschtuba-cf.png","width":993,"height":511,"caption":"Carmen Furrer"},"logo":{"@id":"https:\/\/chinderschtuba.ch\/#\/schema\/person\/image\/"},"sameAs":["http:\/\/www.chinderschtuba.ch"]}]}},"_links":{"self":[{"href":"https:\/\/chinderschtuba.ch\/de_ch\/wp-json\/wp\/v2\/pages\/111","targetHints":{"allow":["GET"]}}],"collection":[{"href":"https:\/\/chinderschtuba.ch\/de_ch\/wp-json\/wp\/v2\/pages"}],"about":[{"href":"https:\/\/chinderschtuba.ch\/de_ch\/wp-json\/wp\/v2\/types\/page"}],"author":[{"embeddable":true,"href":"https:\/\/chinderschtuba.ch\/de_ch\/wp-json\/wp\/v2\/users\/1"}],"replies":[{"embeddable":true,"href":"https:\/\/chinderschtuba.ch\/de_ch\/wp-json\/wp\/v2\/comments?post=111"}],"version-history":[{"count":10,"href":"https:\/\/chinderschtuba.ch\/de_ch\/wp-json\/wp\/v2\/pages\/111\/revisions"}],"predecessor-version":[{"id":681,"href":"https:\/\/chinderschtuba.ch\/de_ch\/wp-json\/wp\/v2\/pages\/111\/revisions\/681"}],"wp:attachment":[{"href":"https:\/\/chinderschtuba.ch\/de_ch\/wp-json\/wp\/v2\/media?parent=111"}],"curies":[{"name":"wp","href":"https:\/\/api.w.org\/{rel}","templated":true}]}}