{"id":113,"date":"2021-09-12T20:00:21","date_gmt":"2021-09-12T18:00:21","guid":{"rendered":"https:\/\/chinderschtuba.ch.copernicus.sui-inter.net\/?page_id=113"},"modified":"2025-09-22T18:10:42","modified_gmt":"2025-09-22T16:10:42","slug":"ueber-mich","status":"publish","type":"page","link":"https:\/\/chinderschtuba.ch\/de_ch\/ueber-mich\/","title":{"rendered":"\u00dcber mich"},"content":{"rendered":"<p>[et_pb_section fb_built=&#187;1&#8243; _builder_version=&#187;4.16&#8243; _module_preset=&#187;default&#187; background_color=&#187;#fefbf8&#8243; border_color_top=&#187;gcid-3834b130-d4ca-4a1e-b409-812852908a7f&#187; border_style_top=&#187;dotted&#187; global_colors_info=&#187;{%22gcid-3834b130-d4ca-4a1e-b409-812852908a7f%22:%91%22border_color_top%22%93}&#187;][et_pb_row column_structure=&#187;1_2,1_2&#8243; _builder_version=&#187;4.16&#8243; _module_preset=&#187;default&#187; global_colors_info=&#187;{}&#187;][et_pb_column type=&#187;1_2&#8243; _builder_version=&#187;4.16&#8243; _module_preset=&#187;default&#187; global_colors_info=&#187;{}&#187;][et_pb_text _builder_version=&#187;4.21.0&#8243; _module_preset=&#187;default&#187; text_font=&#187;|300|||||||&#187; text_font_size=&#187;16px&#187; text_line_height=&#187;1.8em&#187; header_2_font_size=&#187;36px&#187; header_2_line_height=&#187;1.2em&#187; global_colors_info=&#187;{}&#187;]<\/p>\n<h2>\u00dcber mich<\/h2>\n<p>Meiner Meinung nach gibt es sie nicht: die perfekte Erziehungsmethode. Jede Familie hat unterschiedliche Werte und Normen, welche ich in meiner Arbeit mit den Familien und Kindern ber\u00fccksichtige und darauf aufbaue. Von grosser Bedeutung sind f\u00fcr mich ein achtsamer, respektvoller und gleichw\u00fcrdiger Umgang mit Kindern und eine pers\u00f6nliche Sprache. Die P\u00e4dagogik und Philosophie von Emmi Pikler und Jesper Juul dienen mir als Wegweiser.<\/p>\n<p>Auch Lernen ist ein individueller Prozess. Durch meine Ausbildung bei Stefanie Rietzler und Fabian Grolimund bin ich auf dem neusten Stand der Forschung wie Lernen gelingt. Es ist mir ein grosses Anliegen auch hier individuell zu beraten und unterst\u00fctzen \u2013 so dass die Motivation wieder steigt und Lernerfolge sichtbar werden.<\/p>\n<p>[\/et_pb_text][\/et_pb_column][et_pb_column type=&#187;1_2&#8243; _builder_version=&#187;4.16&#8243; _module_preset=&#187;default&#187; global_colors_info=&#187;{}&#187;][et_pb_image src=&#187;https:\/\/chinderschtuba.ch\/wp-content\/uploads\/2021\/09\/DSC_4986.jpg&#187; title_text=&#187;DSC_4986&#8243; _builder_version=&#187;4.21.0&#8243; _module_preset=&#187;default&#187; global_colors_info=&#187;{}&#187;][\/et_pb_image][\/et_pb_column][\/et_pb_row][et_pb_row _builder_version=&#187;4.16&#8243; _module_preset=&#187;default&#187; global_colors_info=&#187;{}&#187;][et_pb_column type=&#187;4_4&#8243; _builder_version=&#187;4.16&#8243; _module_preset=&#187;default&#187; global_colors_info=&#187;{}&#187;][et_pb_text _builder_version=&#187;4.16&#8243; _module_preset=&#187;default&#187; global_colors_info=&#187;{}&#187;]<\/p>\n<h3>Mein Weg<\/h3>\n<p>[\/et_pb_text][\/et_pb_column][\/et_pb_row][et_pb_row column_structure=&#187;1_2,1_2&#8243; _builder_version=&#187;4.16&#8243; _module_preset=&#187;default&#187; custom_padding=&#187;0px|||||&#187; global_colors_info=&#187;{}&#187;][et_pb_column type=&#187;1_2&#8243; _builder_version=&#187;4.16&#8243; _module_preset=&#187;default&#187; global_colors_info=&#187;{}&#187;][et_pb_text _builder_version=&#187;4.26.1&#8243; _module_preset=&#187;default&#187; text_font=&#187;|300|||||||&#187; text_font_size=&#187;16px&#187; text_line_height=&#187;1.8em&#187; global_colors_info=&#187;{}&#187;]<\/p>\n<ul>\n<li>Verheiratet, Mutter von zwei Kindern (2013 und 2015)<\/li>\n<li>Studium in Erziehungswissenschaften und Psychologie<\/li>\n<li>2 Jahre Berufserfahrung als Erzieherin in einer Kita<\/li>\n<li>2 Jahre Betriebsleiterin einer Kita<\/li>\n<li>4 Jahre P\u00e4dagogische Leitung und Mitglied der Gesch\u00e4ftsleitung bei einer Organisation mit mehreren Kitas im Kanton Bern und Luzern<\/li>\n<li>8 Jahre Dozentin an der P\u00e4dagogischen Hochschule Wallis<\/li>\n<\/ul>\n<p>[\/et_pb_text][\/et_pb_column][et_pb_column type=&#187;1_2&#8243; _builder_version=&#187;4.16&#8243; _module_preset=&#187;default&#187; global_colors_info=&#187;{}&#187;][et_pb_text _builder_version=&#187;4.27.4&#8243; _module_preset=&#187;default&#187; text_font=&#187;|300|||||||&#187; text_font_size=&#187;16px&#187; text_line_height=&#187;1.8em&#187; hover_enabled=&#187;0&#8243; global_colors_info=&#187;{}&#187; sticky_enabled=&#187;0&#8243;]<\/p>\n<ul>\n<li>Seit 2016 diplomierte Pikler P\u00e4dagogin mit regelm\u00e4ssiger Teilnahme an Weiterbildungen<\/li>\n<li>Seminarleiterin bei Familylab Schweiz<\/li>\n<li>Weiterbildung Schlafberaterin 1001kindernacht<\/li>\n<li>Seit 2024 dipl. Lerncoach (Akademie f\u00fcr Lerncoaching)<\/li>\n<li>Weiterbildung ADHS, HfH<\/li>\n<li>seit 2025 in Ausbildung zum Resilienzcoach (Resilienz-Schule N. V\u00f6lker)<\/li>\n<\/ul>\n<p>[\/et_pb_text][\/et_pb_column][\/et_pb_row][\/et_pb_section][et_pb_section fb_built=&#187;1&#8243; _builder_version=&#187;4.21.0&#8243; _module_preset=&#187;default&#187; background_color=&#187;#FFFFFF&#187; border_color_top=&#187;gcid-3834b130-d4ca-4a1e-b409-812852908a7f&#187; border_style_top=&#187;dotted&#187; global_colors_info=&#187;{%22gcid-3834b130-d4ca-4a1e-b409-812852908a7f%22:%91%22border_color_top%22%93}&#187;][et_pb_row column_structure=&#187;1_2,1_2&#8243; _builder_version=&#187;4.22.1&#8243; _module_preset=&#187;default&#187; global_colors_info=&#187;{}&#187;][et_pb_column type=&#187;1_2&#8243; _builder_version=&#187;4.16&#8243; _module_preset=&#187;default&#187; global_colors_info=&#187;{}&#187;][et_pb_image src=&#187;https:\/\/chinderschtuba.ch\/wp-content\/uploads\/2021\/10\/links.jpg&#187; title_text=&#187;links&#187; _builder_version=&#187;4.21.0&#8243; _module_preset=&#187;default&#187; global_colors_info=&#187;{}&#187;][\/et_pb_image][\/et_pb_column][et_pb_column type=&#187;1_2&#8243; _builder_version=&#187;4.16&#8243; _module_preset=&#187;default&#187; global_colors_info=&#187;{}&#187;][et_pb_text _builder_version=&#187;4.26.1&#8243; _module_preset=&#187;default&#187; text_font=&#187;|300|||||||&#187; text_font_size=&#187;16px&#187; text_line_height=&#187;2.2em&#187; header_2_font_size=&#187;36px&#187; header_2_line_height=&#187;1.2em&#187; global_colors_info=&#187;{}&#187;]<\/p>\n<h2>Links<\/h2>\n<p><a href=\"https:\/\/de.wikipedia.org\/wiki\/Emmi_Pikler\" target=\"_blank\" rel=\"noopener\">Emmi Pikler<\/a><br \/><a href=\"https:\/\/pikler-hengstenberg.at\/\" target=\"_blank\" rel=\"noopener\">www.pikler-hengstenberg.at<\/a><br \/><a href=\"https:\/\/de.wikipedia.org\/wiki\/Jesper_Juul\" target=\"_blank\" rel=\"noopener\">www.elpos.ch<\/a><br \/><a href=\"https:\/\/familylab.ch\/\" target=\"_blank\" rel=\"noopener\">www.familylab.ch<\/a><br \/><a href=\"https:\/\/www.mit-kindern-lernen.ch\/\" target=\"_blank\" rel=\"noopener\">www.mit-kindern-lernen.ch<\/a><br \/><a href=\"https:\/\/www.punktli.ch\/\" target=\"_blank\" rel=\"noopener\">www.punktli.ch<\/a><\/p>\n<p>&nbsp;<\/p>\n<p>[\/et_pb_text][\/et_pb_column][\/et_pb_row][\/et_pb_section]<\/p>\n","protected":false},"excerpt":{"rendered":"<p>\u00dcber mich Meiner Meinung nach gibt es sie nicht: die perfekte Erziehungsmethode. Jede Familie hat unterschiedliche Werte und Normen, welche ich in meiner Arbeit mit den Familien und Kindern ber\u00fccksichtige und darauf aufbaue. Von grosser Bedeutung sind f\u00fcr mich ein achtsamer, respektvoller und gleichw\u00fcrdiger Umgang mit Kindern und eine pers\u00f6nliche Sprache. Die P\u00e4dagogik und Philosophie [&hellip;]<\/p>\n","protected":false},"author":1,"featured_media":0,"parent":0,"menu_order":0,"comment_status":"closed","ping_status":"closed","template":"","meta":{"_et_pb_use_builder":"on","_et_pb_old_content":"<!-- wp:divi\/placeholder \/-->","_et_gb_content_width":"","footnotes":""},"class_list":["post-113","page","type-page","status-publish","hentry"],"yoast_head":"<!-- This site is optimized with the Yoast SEO plugin v27.0 - https:\/\/yoast.com\/product\/yoast-seo-wordpress\/ -->\n<title>\u00dcber mich - Chinderschtuba<\/title>\n<meta name=\"robots\" content=\"index, follow, max-snippet:-1, max-image-preview:large, max-video-preview:-1\" \/>\n<link rel=\"canonical\" href=\"https:\/\/chinderschtuba.ch\/de_ch\/ueber-mich\/\" \/>\n<meta property=\"og:locale\" content=\"de_DE\" \/>\n<meta property=\"og:type\" content=\"article\" \/>\n<meta property=\"og:title\" content=\"\u00dcber mich - Chinderschtuba\" \/>\n<meta property=\"og:description\" content=\"\u00dcber mich Meiner Meinung nach gibt es sie nicht: die perfekte Erziehungsmethode. Jede Familie hat unterschiedliche Werte und Normen, welche ich in meiner Arbeit mit den Familien und Kindern ber\u00fccksichtige und darauf aufbaue. Von grosser Bedeutung sind f\u00fcr mich ein achtsamer, respektvoller und gleichw\u00fcrdiger Umgang mit Kindern und eine pers\u00f6nliche Sprache. Die P\u00e4dagogik und Philosophie [&hellip;]\" \/>\n<meta property=\"og:url\" content=\"https:\/\/chinderschtuba.ch\/de_ch\/ueber-mich\/\" \/>\n<meta property=\"og:site_name\" content=\"Chinderschtuba\" \/>\n<meta property=\"article:modified_time\" content=\"2025-09-22T16:10:42+00:00\" \/>\n<meta name=\"twitter:card\" content=\"summary_large_image\" \/>\n<meta name=\"twitter:label1\" content=\"Gesch\u00e4tzte Lesezeit\" \/>\n\t<meta name=\"twitter:data1\" content=\"3\u00a0Minuten\" \/>\n<script type=\"application\/ld+json\" class=\"yoast-schema-graph\">{\"@context\":\"https:\/\/schema.org\",\"@graph\":[{\"@type\":\"WebPage\",\"@id\":\"https:\/\/chinderschtuba.ch\/de_ch\/ueber-mich\/\",\"url\":\"https:\/\/chinderschtuba.ch\/de_ch\/ueber-mich\/\",\"name\":\"\u00dcber mich - Chinderschtuba\",\"isPartOf\":{\"@id\":\"https:\/\/chinderschtuba.ch\/#website\"},\"datePublished\":\"2021-09-12T18:00:21+00:00\",\"dateModified\":\"2025-09-22T16:10:42+00:00\",\"breadcrumb\":{\"@id\":\"https:\/\/chinderschtuba.ch\/de_ch\/ueber-mich\/#breadcrumb\"},\"inLanguage\":\"de-CH\",\"potentialAction\":[{\"@type\":\"ReadAction\",\"target\":[\"https:\/\/chinderschtuba.ch\/de_ch\/ueber-mich\/\"]}]},{\"@type\":\"BreadcrumbList\",\"@id\":\"https:\/\/chinderschtuba.ch\/de_ch\/ueber-mich\/#breadcrumb\",\"itemListElement\":[{\"@type\":\"ListItem\",\"position\":1,\"name\":\"Startseite\",\"item\":\"https:\/\/chinderschtuba.ch\/\"},{\"@type\":\"ListItem\",\"position\":2,\"name\":\"\u00dcber mich\"}]},{\"@type\":\"WebSite\",\"@id\":\"https:\/\/chinderschtuba.ch\/#website\",\"url\":\"https:\/\/chinderschtuba.ch\/\",\"name\":\"Chinderschtuba - Spielgruppe - Schlafberatung - Elternberatung\",\"description\":\"erleben - verstehen - erleben\",\"publisher\":{\"@id\":\"https:\/\/chinderschtuba.ch\/#\/schema\/person\/1e2167380158b46fd82d8e4eb9b373f8\"},\"potentialAction\":[{\"@type\":\"SearchAction\",\"target\":{\"@type\":\"EntryPoint\",\"urlTemplate\":\"https:\/\/chinderschtuba.ch\/?s={search_term_string}\"},\"query-input\":{\"@type\":\"PropertyValueSpecification\",\"valueRequired\":true,\"valueName\":\"search_term_string\"}}],\"inLanguage\":\"de-CH\"},{\"@type\":[\"Person\",\"Organization\"],\"@id\":\"https:\/\/chinderschtuba.ch\/#\/schema\/person\/1e2167380158b46fd82d8e4eb9b373f8\",\"name\":\"Carmen Furrer\",\"image\":{\"@type\":\"ImageObject\",\"inLanguage\":\"de-CH\",\"@id\":\"https:\/\/chinderschtuba.ch\/#\/schema\/person\/image\/\",\"url\":\"https:\/\/chinderschtuba.ch\/wp-content\/uploads\/2023\/06\/logo_chinderschtuba-cf.png\",\"contentUrl\":\"https:\/\/chinderschtuba.ch\/wp-content\/uploads\/2023\/06\/logo_chinderschtuba-cf.png\",\"width\":993,\"height\":511,\"caption\":\"Carmen Furrer\"},\"logo\":{\"@id\":\"https:\/\/chinderschtuba.ch\/#\/schema\/person\/image\/\"},\"sameAs\":[\"http:\/\/www.chinderschtuba.ch\"]}]}<\/script>\n<!-- \/ Yoast SEO plugin. -->","yoast_head_json":{"title":"\u00dcber mich - Chinderschtuba","robots":{"index":"index","follow":"follow","max-snippet":"max-snippet:-1","max-image-preview":"max-image-preview:large","max-video-preview":"max-video-preview:-1"},"canonical":"https:\/\/chinderschtuba.ch\/de_ch\/ueber-mich\/","og_locale":"de_DE","og_type":"article","og_title":"\u00dcber mich - Chinderschtuba","og_description":"\u00dcber mich Meiner Meinung nach gibt es sie nicht: die perfekte Erziehungsmethode. Jede Familie hat unterschiedliche Werte und Normen, welche ich in meiner Arbeit mit den Familien und Kindern ber\u00fccksichtige und darauf aufbaue. Von grosser Bedeutung sind f\u00fcr mich ein achtsamer, respektvoller und gleichw\u00fcrdiger Umgang mit Kindern und eine pers\u00f6nliche Sprache. Die P\u00e4dagogik und Philosophie [&hellip;]","og_url":"https:\/\/chinderschtuba.ch\/de_ch\/ueber-mich\/","og_site_name":"Chinderschtuba","article_modified_time":"2025-09-22T16:10:42+00:00","twitter_card":"summary_large_image","twitter_misc":{"Gesch\u00e4tzte Lesezeit":"3\u00a0Minuten"},"schema":{"@context":"https:\/\/schema.org","@graph":[{"@type":"WebPage","@id":"https:\/\/chinderschtuba.ch\/de_ch\/ueber-mich\/","url":"https:\/\/chinderschtuba.ch\/de_ch\/ueber-mich\/","name":"\u00dcber mich - Chinderschtuba","isPartOf":{"@id":"https:\/\/chinderschtuba.ch\/#website"},"datePublished":"2021-09-12T18:00:21+00:00","dateModified":"2025-09-22T16:10:42+00:00","breadcrumb":{"@id":"https:\/\/chinderschtuba.ch\/de_ch\/ueber-mich\/#breadcrumb"},"inLanguage":"de-CH","potentialAction":[{"@type":"ReadAction","target":["https:\/\/chinderschtuba.ch\/de_ch\/ueber-mich\/"]}]},{"@type":"BreadcrumbList","@id":"https:\/\/chinderschtuba.ch\/de_ch\/ueber-mich\/#breadcrumb","itemListElement":[{"@type":"ListItem","position":1,"name":"Startseite","item":"https:\/\/chinderschtuba.ch\/"},{"@type":"ListItem","position":2,"name":"\u00dcber mich"}]},{"@type":"WebSite","@id":"https:\/\/chinderschtuba.ch\/#website","url":"https:\/\/chinderschtuba.ch\/","name":"Chinderschtuba - Spielgruppe - Schlafberatung - Elternberatung","description":"erleben - verstehen - erleben","publisher":{"@id":"https:\/\/chinderschtuba.ch\/#\/schema\/person\/1e2167380158b46fd82d8e4eb9b373f8"},"potentialAction":[{"@type":"SearchAction","target":{"@type":"EntryPoint","urlTemplate":"https:\/\/chinderschtuba.ch\/?s={search_term_string}"},"query-input":{"@type":"PropertyValueSpecification","valueRequired":true,"valueName":"search_term_string"}}],"inLanguage":"de-CH"},{"@type":["Person","Organization"],"@id":"https:\/\/chinderschtuba.ch\/#\/schema\/person\/1e2167380158b46fd82d8e4eb9b373f8","name":"Carmen Furrer","image":{"@type":"ImageObject","inLanguage":"de-CH","@id":"https:\/\/chinderschtuba.ch\/#\/schema\/person\/image\/","url":"https:\/\/chinderschtuba.ch\/wp-content\/uploads\/2023\/06\/logo_chinderschtuba-cf.png","contentUrl":"https:\/\/chinderschtuba.ch\/wp-content\/uploads\/2023\/06\/logo_chinderschtuba-cf.png","width":993,"height":511,"caption":"Carmen Furrer"},"logo":{"@id":"https:\/\/chinderschtuba.ch\/#\/schema\/person\/image\/"},"sameAs":["http:\/\/www.chinderschtuba.ch"]}]}},"_links":{"self":[{"href":"https:\/\/chinderschtuba.ch\/de_ch\/wp-json\/wp\/v2\/pages\/113","targetHints":{"allow":["GET"]}}],"collection":[{"href":"https:\/\/chinderschtuba.ch\/de_ch\/wp-json\/wp\/v2\/pages"}],"about":[{"href":"https:\/\/chinderschtuba.ch\/de_ch\/wp-json\/wp\/v2\/types\/page"}],"author":[{"embeddable":true,"href":"https:\/\/chinderschtuba.ch\/de_ch\/wp-json\/wp\/v2\/users\/1"}],"replies":[{"embeddable":true,"href":"https:\/\/chinderschtuba.ch\/de_ch\/wp-json\/wp\/v2\/comments?post=113"}],"version-history":[{"count":11,"href":"https:\/\/chinderschtuba.ch\/de_ch\/wp-json\/wp\/v2\/pages\/113\/revisions"}],"predecessor-version":[{"id":961,"href":"https:\/\/chinderschtuba.ch\/de_ch\/wp-json\/wp\/v2\/pages\/113\/revisions\/961"}],"wp:attachment":[{"href":"https:\/\/chinderschtuba.ch\/de_ch\/wp-json\/wp\/v2\/media?parent=113"}],"curies":[{"name":"wp","href":"https:\/\/api.w.org\/{rel}","templated":true}]}}