{"id":115,"date":"2021-09-12T20:00:43","date_gmt":"2021-09-12T18:00:43","guid":{"rendered":"https:\/\/chinderschtuba.ch.copernicus.sui-inter.net\/?page_id=115"},"modified":"2024-05-20T10:08:46","modified_gmt":"2024-05-20T08:08:46","slug":"kontakt","status":"publish","type":"page","link":"https:\/\/chinderschtuba.ch\/de_ch\/kontakt\/","title":{"rendered":"Kontakt"},"content":{"rendered":"<p>[et_pb_section fb_built=&#187;1&#8243; _builder_version=&#187;4.16&#8243; _module_preset=&#187;default&#187; background_color=&#187;#fefbf8&#8243; border_color_top=&#187;gcid-3834b130-d4ca-4a1e-b409-812852908a7f&#187; border_style_top=&#187;dotted&#187; global_colors_info=&#187;{%22gcid-3834b130-d4ca-4a1e-b409-812852908a7f%22:%91%22border_color_top%22%93}&#187;][et_pb_row column_structure=&#187;1_2,1_2&#8243; _builder_version=&#187;4.25.1&#8243; _module_preset=&#187;default&#187; global_colors_info=&#187;{}&#187;][et_pb_column type=&#187;1_2&#8243; _builder_version=&#187;4.16&#8243; _module_preset=&#187;default&#187; global_colors_info=&#187;{}&#187;][et_pb_text _builder_version=&#187;4.25.1&#8243; _module_preset=&#187;default&#187; text_font=&#187;|300|||||||&#187; text_font_size=&#187;16px&#187; text_line_height=&#187;1.8em&#187; header_2_font_size=&#187;36px&#187; header_2_line_height=&#187;1.2em&#187; custom_padding=&#187;||0px|||&#187; global_colors_info=&#187;{}&#187;]<\/p>\n<h2>Anmeldung\/Kontakt<\/h2>\n<p>Du kannst dich via Kontaktformular bei mir melden oder direkt einen Termin buchen.<\/p>\n<p>[\/et_pb_text][et_pb_contact_form use_spam_service=&#187;on&#187; recaptcha_list=&#187;chinderschtuba|chinderschtuba-0&#8243; email=&#187;info@chinderschtuba.ch&#187; custom_message=&#187;Name: %%name%%||et_pb_line_break_holder||Email Adresse: %%email%%||et_pb_line_break_holder||Telefonnummer: %%telefon%%||et_pb_line_break_holder||Interesse: %%kurs%%||et_pb_line_break_holder||Nachricht: %%nachricht%%&#187; success_message=&#187;Danke f\u00fcr die Nachricht. Ich werde mich sobald m\u00f6glich um das Anliegen k\u00fcmmern.&#187; submit_button_text=&#187;Senden&#187; _builder_version=&#187;4.25.1&#8243; _module_preset=&#187;default&#187; _unique_id=&#187;d52e88f1-9f04-43ec-bf43-bce416844268&#8243; form_field_background_color=&#187;#FFFFFF&#187; form_field_text_color=&#187;gcid-adc7211b-f519-4f36-92de-58af98c3c877&#8243; custom_button=&#187;on&#187; button_text_size=&#187;16px&#187; button_use_icon=&#187;off&#187; border_width_all=&#187;1px&#187; border_color_all=&#187;gcid-3834b130-d4ca-4a1e-b409-812852908a7f&#187; global_colors_info=&#187;{%22gcid-adc7211b-f519-4f36-92de-58af98c3c877%22:%91%22form_field_text_color%22%93,%22gcid-3834b130-d4ca-4a1e-b409-812852908a7f%22:%91%22border_color_all%22%93}&#187;][et_pb_contact_field field_id=&#187;name&#187; field_title=&#187;Name&#187; fullwidth_field=&#187;on&#187; _builder_version=&#187;4.16&#8243; global_colors_info=&#187;{}&#187; button_text_size__hover_enabled=&#187;off&#187; button_one_text_size__hover_enabled=&#187;off&#187; button_two_text_size__hover_enabled=&#187;off&#187; button_text_color__hover_enabled=&#187;off&#187; button_one_text_color__hover_enabled=&#187;off&#187; button_two_text_color__hover_enabled=&#187;off&#187; button_border_width__hover_enabled=&#187;off&#187; button_one_border_width__hover_enabled=&#187;off&#187; button_two_border_width__hover_enabled=&#187;off&#187; button_border_color__hover_enabled=&#187;off&#187; button_one_border_color__hover_enabled=&#187;off&#187; button_two_border_color__hover_enabled=&#187;off&#187; button_border_radius__hover_enabled=&#187;off&#187; button_one_border_radius__hover_enabled=&#187;off&#187; button_two_border_radius__hover_enabled=&#187;off&#187; button_letter_spacing__hover_enabled=&#187;off&#187; button_one_letter_spacing__hover_enabled=&#187;off&#187; button_two_letter_spacing__hover_enabled=&#187;off&#187; button_bg_color__hover_enabled=&#187;off&#187; button_one_bg_color__hover_enabled=&#187;off&#187; button_two_bg_color__hover_enabled=&#187;off&#187;][\/et_pb_contact_field][et_pb_contact_field field_id=&#187;email&#187; field_title=&#187;E-Mail Adresse&#187; field_type=&#187;email&#187; _builder_version=&#187;4.16&#8243; global_colors_info=&#187;{}&#187; button_text_size__hover_enabled=&#187;off&#187; button_one_text_size__hover_enabled=&#187;off&#187; button_two_text_size__hover_enabled=&#187;off&#187; button_text_color__hover_enabled=&#187;off&#187; button_one_text_color__hover_enabled=&#187;off&#187; button_two_text_color__hover_enabled=&#187;off&#187; button_border_width__hover_enabled=&#187;off&#187; button_one_border_width__hover_enabled=&#187;off&#187; button_two_border_width__hover_enabled=&#187;off&#187; button_border_color__hover_enabled=&#187;off&#187; button_one_border_color__hover_enabled=&#187;off&#187; button_two_border_color__hover_enabled=&#187;off&#187; button_border_radius__hover_enabled=&#187;off&#187; button_one_border_radius__hover_enabled=&#187;off&#187; button_two_border_radius__hover_enabled=&#187;off&#187; button_letter_spacing__hover_enabled=&#187;off&#187; button_one_letter_spacing__hover_enabled=&#187;off&#187; button_two_letter_spacing__hover_enabled=&#187;off&#187; button_bg_color__hover_enabled=&#187;off&#187; button_one_bg_color__hover_enabled=&#187;off&#187; button_two_bg_color__hover_enabled=&#187;off&#187;][\/et_pb_contact_field][et_pb_contact_field field_id=&#187;telefon&#187; field_title=&#187;Telefon&#187; required_mark=&#187;off&#187; _builder_version=&#187;4.16&#8243; global_colors_info=&#187;{}&#187; button_text_size__hover_enabled=&#187;off&#187; button_one_text_size__hover_enabled=&#187;off&#187; button_two_text_size__hover_enabled=&#187;off&#187; button_text_color__hover_enabled=&#187;off&#187; button_one_text_color__hover_enabled=&#187;off&#187; button_two_text_color__hover_enabled=&#187;off&#187; button_border_width__hover_enabled=&#187;off&#187; button_one_border_width__hover_enabled=&#187;off&#187; button_two_border_width__hover_enabled=&#187;off&#187; button_border_color__hover_enabled=&#187;off&#187; button_one_border_color__hover_enabled=&#187;off&#187; button_two_border_color__hover_enabled=&#187;off&#187; button_border_radius__hover_enabled=&#187;off&#187; button_one_border_radius__hover_enabled=&#187;off&#187; button_two_border_radius__hover_enabled=&#187;off&#187; button_letter_spacing__hover_enabled=&#187;off&#187; button_one_letter_spacing__hover_enabled=&#187;off&#187; button_two_letter_spacing__hover_enabled=&#187;off&#187; button_bg_color__hover_enabled=&#187;off&#187; button_one_bg_color__hover_enabled=&#187;off&#187; button_two_bg_color__hover_enabled=&#187;off&#187;][\/et_pb_contact_field][et_pb_contact_field field_id=&#187;kurs&#187; field_title=&#187;F\u00fcr welchen Kurs\/Beratung interessierst du dich?&#187; required_mark=&#187;off&#187; fullwidth_field=&#187;on&#187; _builder_version=&#187;4.25.1&#8243; _module_preset=&#187;default&#187; global_colors_info=&#187;{}&#187;][\/et_pb_contact_field][et_pb_contact_field field_id=&#187;nachricht&#187; field_title=&#187;Ihre Nachricht&#187; field_type=&#187;text&#187; required_mark=&#187;off&#187; fullwidth_field=&#187;on&#187; _builder_version=&#187;4.16&#8243; global_colors_info=&#187;{}&#187; button_text_size__hover_enabled=&#187;off&#187; button_one_text_size__hover_enabled=&#187;off&#187; button_two_text_size__hover_enabled=&#187;off&#187; button_text_color__hover_enabled=&#187;off&#187; button_one_text_color__hover_enabled=&#187;off&#187; button_two_text_color__hover_enabled=&#187;off&#187; button_border_width__hover_enabled=&#187;off&#187; button_one_border_width__hover_enabled=&#187;off&#187; button_two_border_width__hover_enabled=&#187;off&#187; button_border_color__hover_enabled=&#187;off&#187; button_one_border_color__hover_enabled=&#187;off&#187; button_two_border_color__hover_enabled=&#187;off&#187; button_border_radius__hover_enabled=&#187;off&#187; button_one_border_radius__hover_enabled=&#187;off&#187; button_two_border_radius__hover_enabled=&#187;off&#187; button_letter_spacing__hover_enabled=&#187;off&#187; button_one_letter_spacing__hover_enabled=&#187;off&#187; button_two_letter_spacing__hover_enabled=&#187;off&#187; button_bg_color__hover_enabled=&#187;off&#187; button_one_bg_color__hover_enabled=&#187;off&#187; button_two_bg_color__hover_enabled=&#187;off&#187;][\/et_pb_contact_field][\/et_pb_contact_form][et_pb_text _builder_version=&#187;4.25.1&#8243; _module_preset=&#187;default&#187; hover_enabled=&#187;0&#8243; global_colors_info=&#187;{}&#187; sticky_enabled=&#187;0&#8243;]<\/p>\n<p>Hier geht es direkt zur Terminbuchung. Findest du keinen passenden Termin? Dann melde dich bitte per Mail oder Telefon, wir finden bestimmt etwas Passendes.<\/p>\n<p>[\/et_pb_text][et_pb_button button_url=&#187;https:\/\/calendar.app.google\/6XdzzwUewyopUZK88&#8243; button_text=&#187;Terminbuchung&#187; _builder_version=&#187;4.25.1&#8243; _module_preset=&#187;default&#187; global_colors_info=&#187;{}&#187;][\/et_pb_button][et_pb_text _builder_version=&#187;4.22.1&#8243; _module_preset=&#187;default&#187; text_font=&#187;|300|||||||&#187; global_colors_info=&#187;{}&#187;]<\/p>\n<p>Mit dem Absenden des Kontaktformulars erkl\u00e4ren Sie sich damit einverstanden, dass Ihre Daten zur Bearbeitung Ihres Anliegens verwendet werden. Weitere Informationen und Widerrufshinweise finden Sie in der <a href=\"https:\/\/chinderschtuba.ch\/de_ch\/datenschutz\/\">Datenschutzerkl\u00e4rung<\/a>.<\/p>\n<p>[\/et_pb_text][\/et_pb_column][et_pb_column type=&#187;1_2&#8243; _builder_version=&#187;4.16&#8243; _module_preset=&#187;default&#187; global_colors_info=&#187;{}&#187;][et_pb_image src=&#187;https:\/\/chinderschtuba.ch\/wp-content\/uploads\/2021\/09\/DSC_5080.jpg&#187; title_text=&#187;DSC_5080&#8243; _builder_version=&#187;4.21.0&#8243; _module_preset=&#187;default&#187; global_colors_info=&#187;{}&#187;][\/et_pb_image][\/et_pb_column][\/et_pb_row][\/et_pb_section][et_pb_section fb_built=&#187;1&#8243; _builder_version=&#187;4.16&#8243; _module_preset=&#187;default&#187; global_colors_info=&#187;{}&#187;][et_pb_row column_structure=&#187;3_4,1_4&#8243; _builder_version=&#187;4.16&#8243; _module_preset=&#187;default&#187; global_colors_info=&#187;{}&#187;][et_pb_column type=&#187;3_4&#8243; _builder_version=&#187;4.16&#8243; _module_preset=&#187;default&#187; global_colors_info=&#187;{}&#187;][et_pb_code _builder_version=&#187;4.24.0&#8243; _module_preset=&#187;default&#187; global_colors_info=&#187;{}&#187;]<iframe src=\"https:\/\/www.google.com\/maps\/embed?pb=!1m14!1m8!1m3!1d11022.567669583012!2d7.9884047!3d46.3169486!3m2!1i1024!2i768!4f13.1!3m3!1m2!1s0x478f68cb501f48c3%3A0x28d4ef59d6c7150!2sCarmen%20Furrer%20-%20Chinderschtuba%20und%20Lerncoaching!5e0!3m2!1sde!2sch!4v1706198555207!5m2!1sde!2sch\" width=\"700\" height=\"400\" style=\"border:0;\" allowfullscreen=\"\" loading=\"lazy\" referrerpolicy=\"no-referrer-when-downgrade\"><\/iframe>[\/et_pb_code][\/et_pb_column][et_pb_column type=&#187;1_4&#8243; _builder_version=&#187;4.16&#8243; _module_preset=&#187;default&#187; global_colors_info=&#187;{}&#187;][et_pb_text _builder_version=&#187;4.24.0&#8243; _module_preset=&#187;default&#187; text_font=&#187;|300|||||||&#187; global_colors_info=&#187;{}&#187;]<\/p>\n<p><strong>Bahnhofstrasse 15, 3900 Brig<br \/><\/strong><\/p>\n<p><strong>Tel. 079 432 67 47<br \/>info@carmenfurrer.ch<\/strong><\/p>\n<p>[\/et_pb_text][\/et_pb_column][\/et_pb_row][\/et_pb_section]<\/p>\n","protected":false},"excerpt":{"rendered":"<p>Anmeldung\/Kontakt Du kannst dich via Kontaktformular bei mir melden oder direkt einen Termin buchen.Hier geht es direkt zur Terminbuchung. Findest du keinen passenden Termin? Dann melde dich bitte per Mail oder Telefon, wir finden bestimmt etwas Passendes.Mit dem Absenden des Kontaktformulars erkl\u00e4ren Sie sich damit einverstanden, dass Ihre Daten zur Bearbeitung Ihres Anliegens verwendet werden. [&hellip;]<\/p>\n","protected":false},"author":1,"featured_media":0,"parent":0,"menu_order":0,"comment_status":"closed","ping_status":"closed","template":"","meta":{"_et_pb_use_builder":"on","_et_pb_old_content":"","_et_gb_content_width":"","footnotes":""},"class_list":["post-115","page","type-page","status-publish","hentry"],"yoast_head":"<!-- This site is optimized with the Yoast SEO plugin v27.0 - https:\/\/yoast.com\/product\/yoast-seo-wordpress\/ -->\n<title>Kontakt - Chinderschtuba<\/title>\n<meta name=\"robots\" content=\"index, follow, max-snippet:-1, max-image-preview:large, max-video-preview:-1\" \/>\n<link rel=\"canonical\" href=\"https:\/\/chinderschtuba.ch\/de_ch\/kontakt\/\" \/>\n<meta property=\"og:locale\" content=\"de_DE\" \/>\n<meta property=\"og:type\" content=\"article\" \/>\n<meta property=\"og:title\" content=\"Kontakt - Chinderschtuba\" \/>\n<meta property=\"og:description\" content=\"Anmeldung\/Kontakt Du kannst dich via Kontaktformular bei mir melden oder direkt einen Termin buchen.Hier geht es direkt zur Terminbuchung. Findest du keinen passenden Termin? Dann melde dich bitte per Mail oder Telefon, wir finden bestimmt etwas Passendes.Mit dem Absenden des Kontaktformulars erkl\u00e4ren Sie sich damit einverstanden, dass Ihre Daten zur Bearbeitung Ihres Anliegens verwendet werden. [&hellip;]\" \/>\n<meta property=\"og:url\" content=\"https:\/\/chinderschtuba.ch\/de_ch\/kontakt\/\" \/>\n<meta property=\"og:site_name\" content=\"Chinderschtuba\" \/>\n<meta property=\"article:modified_time\" content=\"2024-05-20T08:08:46+00:00\" \/>\n<meta name=\"twitter:card\" content=\"summary_large_image\" \/>\n<meta name=\"twitter:label1\" content=\"Gesch\u00e4tzte Lesezeit\" \/>\n\t<meta name=\"twitter:data1\" content=\"6\u00a0Minuten\" \/>\n<script type=\"application\/ld+json\" class=\"yoast-schema-graph\">{\"@context\":\"https:\/\/schema.org\",\"@graph\":[{\"@type\":\"WebPage\",\"@id\":\"https:\/\/chinderschtuba.ch\/de_ch\/kontakt\/\",\"url\":\"https:\/\/chinderschtuba.ch\/de_ch\/kontakt\/\",\"name\":\"Kontakt - Chinderschtuba\",\"isPartOf\":{\"@id\":\"https:\/\/chinderschtuba.ch\/#website\"},\"datePublished\":\"2021-09-12T18:00:43+00:00\",\"dateModified\":\"2024-05-20T08:08:46+00:00\",\"breadcrumb\":{\"@id\":\"https:\/\/chinderschtuba.ch\/de_ch\/kontakt\/#breadcrumb\"},\"inLanguage\":\"de-CH\",\"potentialAction\":[{\"@type\":\"ReadAction\",\"target\":[\"https:\/\/chinderschtuba.ch\/de_ch\/kontakt\/\"]}]},{\"@type\":\"BreadcrumbList\",\"@id\":\"https:\/\/chinderschtuba.ch\/de_ch\/kontakt\/#breadcrumb\",\"itemListElement\":[{\"@type\":\"ListItem\",\"position\":1,\"name\":\"Startseite\",\"item\":\"https:\/\/chinderschtuba.ch\/\"},{\"@type\":\"ListItem\",\"position\":2,\"name\":\"Kontakt\"}]},{\"@type\":\"WebSite\",\"@id\":\"https:\/\/chinderschtuba.ch\/#website\",\"url\":\"https:\/\/chinderschtuba.ch\/\",\"name\":\"Chinderschtuba - Spielgruppe - Schlafberatung - Elternberatung\",\"description\":\"erleben - verstehen - erleben\",\"publisher\":{\"@id\":\"https:\/\/chinderschtuba.ch\/#\/schema\/person\/1e2167380158b46fd82d8e4eb9b373f8\"},\"potentialAction\":[{\"@type\":\"SearchAction\",\"target\":{\"@type\":\"EntryPoint\",\"urlTemplate\":\"https:\/\/chinderschtuba.ch\/?s={search_term_string}\"},\"query-input\":{\"@type\":\"PropertyValueSpecification\",\"valueRequired\":true,\"valueName\":\"search_term_string\"}}],\"inLanguage\":\"de-CH\"},{\"@type\":[\"Person\",\"Organization\"],\"@id\":\"https:\/\/chinderschtuba.ch\/#\/schema\/person\/1e2167380158b46fd82d8e4eb9b373f8\",\"name\":\"Carmen Furrer\",\"image\":{\"@type\":\"ImageObject\",\"inLanguage\":\"de-CH\",\"@id\":\"https:\/\/chinderschtuba.ch\/#\/schema\/person\/image\/\",\"url\":\"https:\/\/chinderschtuba.ch\/wp-content\/uploads\/2023\/06\/logo_chinderschtuba-cf.png\",\"contentUrl\":\"https:\/\/chinderschtuba.ch\/wp-content\/uploads\/2023\/06\/logo_chinderschtuba-cf.png\",\"width\":993,\"height\":511,\"caption\":\"Carmen Furrer\"},\"logo\":{\"@id\":\"https:\/\/chinderschtuba.ch\/#\/schema\/person\/image\/\"},\"sameAs\":[\"http:\/\/www.chinderschtuba.ch\"]}]}<\/script>\n<!-- \/ Yoast SEO plugin. -->","yoast_head_json":{"title":"Kontakt - Chinderschtuba","robots":{"index":"index","follow":"follow","max-snippet":"max-snippet:-1","max-image-preview":"max-image-preview:large","max-video-preview":"max-video-preview:-1"},"canonical":"https:\/\/chinderschtuba.ch\/de_ch\/kontakt\/","og_locale":"de_DE","og_type":"article","og_title":"Kontakt - Chinderschtuba","og_description":"Anmeldung\/Kontakt Du kannst dich via Kontaktformular bei mir melden oder direkt einen Termin buchen.Hier geht es direkt zur Terminbuchung. Findest du keinen passenden Termin? Dann melde dich bitte per Mail oder Telefon, wir finden bestimmt etwas Passendes.Mit dem Absenden des Kontaktformulars erkl\u00e4ren Sie sich damit einverstanden, dass Ihre Daten zur Bearbeitung Ihres Anliegens verwendet werden. [&hellip;]","og_url":"https:\/\/chinderschtuba.ch\/de_ch\/kontakt\/","og_site_name":"Chinderschtuba","article_modified_time":"2024-05-20T08:08:46+00:00","twitter_card":"summary_large_image","twitter_misc":{"Gesch\u00e4tzte Lesezeit":"6\u00a0Minuten"},"schema":{"@context":"https:\/\/schema.org","@graph":[{"@type":"WebPage","@id":"https:\/\/chinderschtuba.ch\/de_ch\/kontakt\/","url":"https:\/\/chinderschtuba.ch\/de_ch\/kontakt\/","name":"Kontakt - Chinderschtuba","isPartOf":{"@id":"https:\/\/chinderschtuba.ch\/#website"},"datePublished":"2021-09-12T18:00:43+00:00","dateModified":"2024-05-20T08:08:46+00:00","breadcrumb":{"@id":"https:\/\/chinderschtuba.ch\/de_ch\/kontakt\/#breadcrumb"},"inLanguage":"de-CH","potentialAction":[{"@type":"ReadAction","target":["https:\/\/chinderschtuba.ch\/de_ch\/kontakt\/"]}]},{"@type":"BreadcrumbList","@id":"https:\/\/chinderschtuba.ch\/de_ch\/kontakt\/#breadcrumb","itemListElement":[{"@type":"ListItem","position":1,"name":"Startseite","item":"https:\/\/chinderschtuba.ch\/"},{"@type":"ListItem","position":2,"name":"Kontakt"}]},{"@type":"WebSite","@id":"https:\/\/chinderschtuba.ch\/#website","url":"https:\/\/chinderschtuba.ch\/","name":"Chinderschtuba - Spielgruppe - Schlafberatung - Elternberatung","description":"erleben - verstehen - erleben","publisher":{"@id":"https:\/\/chinderschtuba.ch\/#\/schema\/person\/1e2167380158b46fd82d8e4eb9b373f8"},"potentialAction":[{"@type":"SearchAction","target":{"@type":"EntryPoint","urlTemplate":"https:\/\/chinderschtuba.ch\/?s={search_term_string}"},"query-input":{"@type":"PropertyValueSpecification","valueRequired":true,"valueName":"search_term_string"}}],"inLanguage":"de-CH"},{"@type":["Person","Organization"],"@id":"https:\/\/chinderschtuba.ch\/#\/schema\/person\/1e2167380158b46fd82d8e4eb9b373f8","name":"Carmen Furrer","image":{"@type":"ImageObject","inLanguage":"de-CH","@id":"https:\/\/chinderschtuba.ch\/#\/schema\/person\/image\/","url":"https:\/\/chinderschtuba.ch\/wp-content\/uploads\/2023\/06\/logo_chinderschtuba-cf.png","contentUrl":"https:\/\/chinderschtuba.ch\/wp-content\/uploads\/2023\/06\/logo_chinderschtuba-cf.png","width":993,"height":511,"caption":"Carmen Furrer"},"logo":{"@id":"https:\/\/chinderschtuba.ch\/#\/schema\/person\/image\/"},"sameAs":["http:\/\/www.chinderschtuba.ch"]}]}},"_links":{"self":[{"href":"https:\/\/chinderschtuba.ch\/de_ch\/wp-json\/wp\/v2\/pages\/115","targetHints":{"allow":["GET"]}}],"collection":[{"href":"https:\/\/chinderschtuba.ch\/de_ch\/wp-json\/wp\/v2\/pages"}],"about":[{"href":"https:\/\/chinderschtuba.ch\/de_ch\/wp-json\/wp\/v2\/types\/page"}],"author":[{"embeddable":true,"href":"https:\/\/chinderschtuba.ch\/de_ch\/wp-json\/wp\/v2\/users\/1"}],"replies":[{"embeddable":true,"href":"https:\/\/chinderschtuba.ch\/de_ch\/wp-json\/wp\/v2\/comments?post=115"}],"version-history":[{"count":22,"href":"https:\/\/chinderschtuba.ch\/de_ch\/wp-json\/wp\/v2\/pages\/115\/revisions"}],"predecessor-version":[{"id":911,"href":"https:\/\/chinderschtuba.ch\/de_ch\/wp-json\/wp\/v2\/pages\/115\/revisions\/911"}],"wp:attachment":[{"href":"https:\/\/chinderschtuba.ch\/de_ch\/wp-json\/wp\/v2\/media?parent=115"}],"curies":[{"name":"wp","href":"https:\/\/api.w.org\/{rel}","templated":true}]}}