{"id":44,"date":"2021-09-12T14:00:12","date_gmt":"2021-09-12T12:00:12","guid":{"rendered":"https:\/\/chinderschtuba.ch.copernicus.sui-inter.net\/?page_id=44"},"modified":"2023-08-27T17:45:29","modified_gmt":"2023-08-27T15:45:29","slug":"impressum","status":"publish","type":"page","link":"https:\/\/chinderschtuba.ch\/de_ch\/impressum\/","title":{"rendered":"Impressum"},"content":{"rendered":"<p>[et_pb_section fb_built=&#187;1&#8243; _builder_version=&#187;4.16&#8243; _module_preset=&#187;default&#187; background_color=&#187;#fefbf8&#8243; border_color_top=&#187;gcid-3834b130-d4ca-4a1e-b409-812852908a7f&#187; border_style_top=&#187;dotted&#187; global_colors_info=&#187;{%22gcid-3834b130-d4ca-4a1e-b409-812852908a7f%22:%91%22border_color_top%22%93}&#187;][et_pb_row column_structure=&#187;1_2,1_2&#8243; _builder_version=&#187;4.16&#8243; _module_preset=&#187;default&#187; global_colors_info=&#187;{}&#187;][et_pb_column type=&#187;1_2&#8243; _builder_version=&#187;4.16&#8243; _module_preset=&#187;default&#187; global_colors_info=&#187;{}&#187;][et_pb_text _builder_version=&#187;4.22.1&#8243; _module_preset=&#187;default&#187; header_2_font_size=&#187;24px&#187; header_2_line_height=&#187;1.2em&#187; custom_margin=&#187;||10px||false|false&#187; custom_padding=&#187;||0px||false|false&#187; hover_enabled=&#187;0&#8243; global_colors_info=&#187;{}&#187; text_font_size=&#187;16px&#187; header_font_size=&#187;36px&#187; sticky_enabled=&#187;0&#8243;]<\/p>\n<h1>Impressum<\/h1>\n<h2>Verantwortlich f\u00fcr die Inhalte<\/h2>\n<p>[\/et_pb_text][et_pb_text _builder_version=&#187;4.16&#8243; _module_preset=&#187;default&#187; text_font=&#187;|300|||||||&#187; text_font_size=&#187;16px&#187; text_line_height=&#187;1.8em&#187; header_2_font_size=&#187;36px&#187; header_2_line_height=&#187;1.4em&#187; global_colors_info=&#187;{}&#187;]<\/p>\n<div class=\"optimize\" id=\"wb_uid3\"><span id=\"wb_uid4\">Carmen Furrer<\/span><\/div>\n<div class=\"optimize\" id=\"wb_uid6\"><span id=\"wb_uid7\">Alti Gassa 4<\/span><\/div>\n<div class=\"optimize\" id=\"wb_uid8\"><span id=\"wb_uid9\">3911 Ried-Brig<\/span><\/div>\n<div class=\"optimize\" id=\"wb_uid11\"><span id=\"wb_uid12\">Tel. 079 432 67 47<\/span><\/div>\n<div class=\"optimize\" id=\"wb_uid13\"><span id=\"wb_uid14\"><a href=\"mailto:info@chinderschtuba.ch\">info@chinderschtuba.ch<\/a><\/span><\/div>\n<p>[\/et_pb_text][et_pb_text _builder_version=&#187;4.22.1&#8243; _module_preset=&#187;default&#187; text_font=&#187;|300|||||||&#187; text_font_size=&#187;16px&#187; text_line_height=&#187;1.8em&#187; hover_enabled=&#187;0&#8243; global_colors_info=&#187;{}&#187; sticky_enabled=&#187;0&#8243;]<\/p>\n<h3>Fotos<\/h3>\n<div class=\"optimize\" id=\"wb_uid3\"><span id=\"wb_uid4\">Carmen Furrer, Adobe Stock<\/span><\/div>\n<p>[\/et_pb_text][et_pb_text _builder_version=&#187;4.22.1&#8243; _module_preset=&#187;default&#187; text_font=&#187;|300|||||||&#187; text_font_size=&#187;16px&#187; text_line_height=&#187;1.8em&#187; hover_enabled=&#187;0&#8243; global_colors_info=&#187;{}&#187; sticky_enabled=&#187;0&#8243;]<\/p>\n<h3>Webdesign und Umsetzung<\/h3>\n<div class=\"optimize\" id=\"wb_uid3\"><span id=\"wb_uid4\">Mabeo GmbH<br \/>3904 Naters<br \/><a href=\"https:\/\/www.mabeo.ch\/\" target=\"_blank\" rel=\"noopener\">www.mabeo.ch<\/a><\/span><\/div>\n<p>[\/et_pb_text][et_pb_text _builder_version=&#187;4.22.1&#8243; _module_preset=&#187;default&#187; text_font=&#187;|300|||||||&#187; text_font_size=&#187;16px&#187; text_line_height=&#187;1.8em&#187; hover_enabled=&#187;0&#8243; global_colors_info=&#187;{}&#187; sticky_enabled=&#187;0&#8243;]<\/p>\n<h3>Haftungsausschluss<\/p>\n<\/h3>\n<p>Der Autor \u00fcbernimmt keine Gew\u00e4hr f\u00fcr die Richtigkeit, Genauigkeit, Aktualit\u00e4t, Zuverl\u00e4ssigkeit und Vollst\u00e4ndigkeit der Informationen.\u2028Haftungsanspr\u00fcche gegen den Autor wegen Sch\u00e4den materieller oder immaterieller Art, die aus dem Zugriff oder der Nutzung bzw. Nichtnutzung der ver\u00f6ffentlichten Informationen, durch Missbrauch der Verbindung oder durch technische St\u00f6rungen entstanden sind, werden ausgeschlossen.\u2028\u2028Alle Angebote sind freibleibend. Der Autor beh\u00e4lt es sich ausdr\u00fccklich vor, Teile der Seiten oder das gesamte Angebot ohne gesonderte Ank\u00fcndigung zu ver\u00e4ndern, zu erg\u00e4nzen, zu l\u00f6schen oder die Ver\u00f6ffentlichung zeitweise oder endg\u00fcltig einzustellen.\u2028\u2028<\/p>\n<h3>Haftungsausschluss f\u00fcr Inhalte und Links<\/h3>\n<p>Verweise und Links auf Webseiten Dritter liegen ausserhalb unseres Verantwortungsbereichs. Es wird jegliche Verantwortung f\u00fcr solche Webseiten abgelehnt. Der Zugriff und die Nutzung solcher Webseiten erfolgen auf eigene Gefahr des jeweiligen Nutzers.<\/p>\n<h3>Urheberrechtserkl\u00e4rung<\/h3>\n<p>Die Urheber- und alle anderen Rechte an Inhalten, Bildern, Fotos oder anderen Dateien auf dieser Website, geh\u00f6ren ausschliesslich dem Webseitenbetreiber oder den speziell genannten Rechteinhabern. F\u00fcr die Reproduktion jeglicher Elemente ist die schriftliche Zustimmung des Urheberrechtstr\u00e4gers im Voraus einzuholen.<\/p>\n<p><span id=\"wb_uid4\"><a href=\"https:\/\/www.mabeo.ch\/\" target=\"_blank\" rel=\"noopener\"><\/a><\/span><\/p>\n<p>[\/et_pb_text][\/et_pb_column][et_pb_column type=&#187;1_2&#8243; _builder_version=&#187;4.16&#8243; _module_preset=&#187;default&#187; global_colors_info=&#187;{}&#187;][et_pb_image src=&#187;https:\/\/chinderschtuba.ch\/wp-content\/uploads\/2021\/09\/DSC_4986.jpg&#187; title_text=&#187;DSC_4986&#8243; _builder_version=&#187;4.22.1&#8243; _module_preset=&#187;default&#187; hover_enabled=&#187;0&#8243; global_colors_info=&#187;{}&#187; sticky_enabled=&#187;0&#8243;][\/et_pb_image][\/et_pb_column][\/et_pb_row][\/et_pb_section]<\/p>\n","protected":false},"excerpt":{"rendered":"<p>Impressum Verantwortlich f\u00fcr die InhalteCarmen Furrer Alti Gassa 4 3911 Ried-Brig Tel. 079 432 67 47 info@chinderschtuba.chFotos Carmen Furrer, Adobe StockWebdesign und Umsetzung Mabeo GmbH3904 Naterswww.mabeo.chHaftungsausschluss Der Autor \u00fcbernimmt keine Gew\u00e4hr f\u00fcr die Richtigkeit, Genauigkeit, Aktualit\u00e4t, Zuverl\u00e4ssigkeit und Vollst\u00e4ndigkeit der Informationen.\u2028Haftungsanspr\u00fcche gegen den Autor wegen Sch\u00e4den materieller oder immaterieller Art, die aus dem Zugriff oder [&hellip;]<\/p>\n","protected":false},"author":1,"featured_media":0,"parent":0,"menu_order":0,"comment_status":"closed","ping_status":"closed","template":"","meta":{"_et_pb_use_builder":"on","_et_pb_old_content":"<!-- wp:divi\/placeholder \/-->","_et_gb_content_width":"","footnotes":""},"class_list":["post-44","page","type-page","status-publish","hentry"],"yoast_head":"<!-- This site is optimized with the Yoast SEO plugin v27.0 - https:\/\/yoast.com\/product\/yoast-seo-wordpress\/ -->\n<title>Impressum - Chinderschtuba<\/title>\n<meta name=\"robots\" content=\"index, follow, max-snippet:-1, max-image-preview:large, max-video-preview:-1\" \/>\n<link rel=\"canonical\" href=\"https:\/\/chinderschtuba.ch\/de_ch\/impressum\/\" \/>\n<meta property=\"og:locale\" content=\"de_DE\" \/>\n<meta property=\"og:type\" content=\"article\" \/>\n<meta property=\"og:title\" content=\"Impressum - Chinderschtuba\" \/>\n<meta property=\"og:description\" content=\"Impressum Verantwortlich f\u00fcr die InhalteCarmen Furrer Alti Gassa 4 3911 Ried-Brig Tel. 079 432 67 47 info@chinderschtuba.chFotos Carmen Furrer, Adobe StockWebdesign und Umsetzung Mabeo GmbH3904 Naterswww.mabeo.chHaftungsausschluss Der Autor \u00fcbernimmt keine Gew\u00e4hr f\u00fcr die Richtigkeit, Genauigkeit, Aktualit\u00e4t, Zuverl\u00e4ssigkeit und Vollst\u00e4ndigkeit der Informationen.\u2028Haftungsanspr\u00fcche gegen den Autor wegen Sch\u00e4den materieller oder immaterieller Art, die aus dem Zugriff oder [&hellip;]\" \/>\n<meta property=\"og:url\" content=\"https:\/\/chinderschtuba.ch\/de_ch\/impressum\/\" \/>\n<meta property=\"og:site_name\" content=\"Chinderschtuba\" \/>\n<meta property=\"article:modified_time\" content=\"2023-08-27T15:45:29+00:00\" \/>\n<meta name=\"twitter:card\" content=\"summary_large_image\" \/>\n<meta name=\"twitter:label1\" content=\"Gesch\u00e4tzte Lesezeit\" \/>\n\t<meta name=\"twitter:data1\" content=\"2\u00a0Minuten\" \/>\n<script type=\"application\/ld+json\" class=\"yoast-schema-graph\">{\"@context\":\"https:\/\/schema.org\",\"@graph\":[{\"@type\":\"WebPage\",\"@id\":\"https:\/\/chinderschtuba.ch\/de_ch\/impressum\/\",\"url\":\"https:\/\/chinderschtuba.ch\/de_ch\/impressum\/\",\"name\":\"Impressum - Chinderschtuba\",\"isPartOf\":{\"@id\":\"https:\/\/chinderschtuba.ch\/#website\"},\"datePublished\":\"2021-09-12T12:00:12+00:00\",\"dateModified\":\"2023-08-27T15:45:29+00:00\",\"breadcrumb\":{\"@id\":\"https:\/\/chinderschtuba.ch\/de_ch\/impressum\/#breadcrumb\"},\"inLanguage\":\"de-CH\",\"potentialAction\":[{\"@type\":\"ReadAction\",\"target\":[\"https:\/\/chinderschtuba.ch\/de_ch\/impressum\/\"]}]},{\"@type\":\"BreadcrumbList\",\"@id\":\"https:\/\/chinderschtuba.ch\/de_ch\/impressum\/#breadcrumb\",\"itemListElement\":[{\"@type\":\"ListItem\",\"position\":1,\"name\":\"Startseite\",\"item\":\"https:\/\/chinderschtuba.ch\/\"},{\"@type\":\"ListItem\",\"position\":2,\"name\":\"Impressum\"}]},{\"@type\":\"WebSite\",\"@id\":\"https:\/\/chinderschtuba.ch\/#website\",\"url\":\"https:\/\/chinderschtuba.ch\/\",\"name\":\"Chinderschtuba - Spielgruppe - Schlafberatung - Elternberatung\",\"description\":\"erleben - verstehen - erleben\",\"publisher\":{\"@id\":\"https:\/\/chinderschtuba.ch\/#\/schema\/person\/1e2167380158b46fd82d8e4eb9b373f8\"},\"potentialAction\":[{\"@type\":\"SearchAction\",\"target\":{\"@type\":\"EntryPoint\",\"urlTemplate\":\"https:\/\/chinderschtuba.ch\/?s={search_term_string}\"},\"query-input\":{\"@type\":\"PropertyValueSpecification\",\"valueRequired\":true,\"valueName\":\"search_term_string\"}}],\"inLanguage\":\"de-CH\"},{\"@type\":[\"Person\",\"Organization\"],\"@id\":\"https:\/\/chinderschtuba.ch\/#\/schema\/person\/1e2167380158b46fd82d8e4eb9b373f8\",\"name\":\"Carmen Furrer\",\"image\":{\"@type\":\"ImageObject\",\"inLanguage\":\"de-CH\",\"@id\":\"https:\/\/chinderschtuba.ch\/#\/schema\/person\/image\/\",\"url\":\"https:\/\/chinderschtuba.ch\/wp-content\/uploads\/2023\/06\/logo_chinderschtuba-cf.png\",\"contentUrl\":\"https:\/\/chinderschtuba.ch\/wp-content\/uploads\/2023\/06\/logo_chinderschtuba-cf.png\",\"width\":993,\"height\":511,\"caption\":\"Carmen Furrer\"},\"logo\":{\"@id\":\"https:\/\/chinderschtuba.ch\/#\/schema\/person\/image\/\"},\"sameAs\":[\"http:\/\/www.chinderschtuba.ch\"]}]}<\/script>\n<!-- \/ Yoast SEO plugin. -->","yoast_head_json":{"title":"Impressum - Chinderschtuba","robots":{"index":"index","follow":"follow","max-snippet":"max-snippet:-1","max-image-preview":"max-image-preview:large","max-video-preview":"max-video-preview:-1"},"canonical":"https:\/\/chinderschtuba.ch\/de_ch\/impressum\/","og_locale":"de_DE","og_type":"article","og_title":"Impressum - Chinderschtuba","og_description":"Impressum Verantwortlich f\u00fcr die InhalteCarmen Furrer Alti Gassa 4 3911 Ried-Brig Tel. 079 432 67 47 info@chinderschtuba.chFotos Carmen Furrer, Adobe StockWebdesign und Umsetzung Mabeo GmbH3904 Naterswww.mabeo.chHaftungsausschluss Der Autor \u00fcbernimmt keine Gew\u00e4hr f\u00fcr die Richtigkeit, Genauigkeit, Aktualit\u00e4t, Zuverl\u00e4ssigkeit und Vollst\u00e4ndigkeit der Informationen.\u2028Haftungsanspr\u00fcche gegen den Autor wegen Sch\u00e4den materieller oder immaterieller Art, die aus dem Zugriff oder [&hellip;]","og_url":"https:\/\/chinderschtuba.ch\/de_ch\/impressum\/","og_site_name":"Chinderschtuba","article_modified_time":"2023-08-27T15:45:29+00:00","twitter_card":"summary_large_image","twitter_misc":{"Gesch\u00e4tzte Lesezeit":"2\u00a0Minuten"},"schema":{"@context":"https:\/\/schema.org","@graph":[{"@type":"WebPage","@id":"https:\/\/chinderschtuba.ch\/de_ch\/impressum\/","url":"https:\/\/chinderschtuba.ch\/de_ch\/impressum\/","name":"Impressum - Chinderschtuba","isPartOf":{"@id":"https:\/\/chinderschtuba.ch\/#website"},"datePublished":"2021-09-12T12:00:12+00:00","dateModified":"2023-08-27T15:45:29+00:00","breadcrumb":{"@id":"https:\/\/chinderschtuba.ch\/de_ch\/impressum\/#breadcrumb"},"inLanguage":"de-CH","potentialAction":[{"@type":"ReadAction","target":["https:\/\/chinderschtuba.ch\/de_ch\/impressum\/"]}]},{"@type":"BreadcrumbList","@id":"https:\/\/chinderschtuba.ch\/de_ch\/impressum\/#breadcrumb","itemListElement":[{"@type":"ListItem","position":1,"name":"Startseite","item":"https:\/\/chinderschtuba.ch\/"},{"@type":"ListItem","position":2,"name":"Impressum"}]},{"@type":"WebSite","@id":"https:\/\/chinderschtuba.ch\/#website","url":"https:\/\/chinderschtuba.ch\/","name":"Chinderschtuba - Spielgruppe - Schlafberatung - Elternberatung","description":"erleben - verstehen - erleben","publisher":{"@id":"https:\/\/chinderschtuba.ch\/#\/schema\/person\/1e2167380158b46fd82d8e4eb9b373f8"},"potentialAction":[{"@type":"SearchAction","target":{"@type":"EntryPoint","urlTemplate":"https:\/\/chinderschtuba.ch\/?s={search_term_string}"},"query-input":{"@type":"PropertyValueSpecification","valueRequired":true,"valueName":"search_term_string"}}],"inLanguage":"de-CH"},{"@type":["Person","Organization"],"@id":"https:\/\/chinderschtuba.ch\/#\/schema\/person\/1e2167380158b46fd82d8e4eb9b373f8","name":"Carmen Furrer","image":{"@type":"ImageObject","inLanguage":"de-CH","@id":"https:\/\/chinderschtuba.ch\/#\/schema\/person\/image\/","url":"https:\/\/chinderschtuba.ch\/wp-content\/uploads\/2023\/06\/logo_chinderschtuba-cf.png","contentUrl":"https:\/\/chinderschtuba.ch\/wp-content\/uploads\/2023\/06\/logo_chinderschtuba-cf.png","width":993,"height":511,"caption":"Carmen Furrer"},"logo":{"@id":"https:\/\/chinderschtuba.ch\/#\/schema\/person\/image\/"},"sameAs":["http:\/\/www.chinderschtuba.ch"]}]}},"_links":{"self":[{"href":"https:\/\/chinderschtuba.ch\/de_ch\/wp-json\/wp\/v2\/pages\/44","targetHints":{"allow":["GET"]}}],"collection":[{"href":"https:\/\/chinderschtuba.ch\/de_ch\/wp-json\/wp\/v2\/pages"}],"about":[{"href":"https:\/\/chinderschtuba.ch\/de_ch\/wp-json\/wp\/v2\/types\/page"}],"author":[{"embeddable":true,"href":"https:\/\/chinderschtuba.ch\/de_ch\/wp-json\/wp\/v2\/users\/1"}],"replies":[{"embeddable":true,"href":"https:\/\/chinderschtuba.ch\/de_ch\/wp-json\/wp\/v2\/comments?post=44"}],"version-history":[{"count":6,"href":"https:\/\/chinderschtuba.ch\/de_ch\/wp-json\/wp\/v2\/pages\/44\/revisions"}],"predecessor-version":[{"id":793,"href":"https:\/\/chinderschtuba.ch\/de_ch\/wp-json\/wp\/v2\/pages\/44\/revisions\/793"}],"wp:attachment":[{"href":"https:\/\/chinderschtuba.ch\/de_ch\/wp-json\/wp\/v2\/media?parent=44"}],"curies":[{"name":"wp","href":"https:\/\/api.w.org\/{rel}","templated":true}]}}