{"id":105,"date":"2021-09-12T19:58:41","date_gmt":"2021-09-12T17:58:41","guid":{"rendered":"https:\/\/chinderschtuba.ch.copernicus.sui-inter.net\/?page_id=105"},"modified":"2023-11-29T16:48:15","modified_gmt":"2023-11-29T15:48:15","slug":"schlafberatung","status":"publish","type":"page","link":"https:\/\/chinderschtuba.ch\/en\/schlafberatung\/","title":{"rendered":"Sleep consultancy"},"content":{"rendered":"<p>[et_pb_section fb_built=&#187;1&#8243; _builder_version=&#187;4.16&#8243; _module_preset=&#187;default&#187; background_color=&#187;#fefbf8&#8243; border_color_top=&#187;gcid-3834b130-d4ca-4a1e-b409-812852908a7f&#187; border_style_top=&#187;dotted&#187; global_colors_info=&#187;{%22gcid-3834b130-d4ca-4a1e-b409-812852908a7f%22:%91%22border_color_top%22%93}&#187;][et_pb_row column_structure=&#187;1_2,1_2&#8243; _builder_version=&#187;4.16&#8243; _module_preset=&#187;default&#187; global_colors_info=&#187;{}&#187;][et_pb_column type=&#187;1_2&#8243; _builder_version=&#187;4.16&#8243; _module_preset=&#187;default&#187; global_colors_info=&#187;{}&#187;][et_pb_text _builder_version=&#187;4.16&#8243; _module_preset=&#187;default&#187; text_font=&#187;|300|||||||&#187; text_font_size=&#187;16px&#187; text_line_height=&#187;1.8em&#187; header_2_font_size=&#187;36px&#187; header_2_line_height=&#187;1.2em&#187; global_colors_info=&#187;{}&#187;]<\/p>\n<h2>Schlafberatung<\/h2>\n<p>Bei den meisten Eltern tauchen w\u00e4hrend der ersten Lebensjahre ihres<br \/>Kindes Fragen zur Schlafentwicklung auf. Manchmal sind es sogar mehr<br \/>als Fragen \u2013 anstrengende N\u00e4chte, Ersch\u00f6pfung,<br \/>Einschlafschwierigkeiten des Kindes \u2013 die Eltern in dieser Anfangszeit<br \/>an ihre Grenzen bringen.<\/p>\n<p>In einer Schlafberatung kann ich unter anderem<br \/>zu folgenden Themen Auskunft geben und Familien auf eine sanfte und<br \/>kindgerechte Weise unterst\u00fctzen, wieder zu ruhigeren und<br \/>entspannteren N\u00e4chten zu kommen.<\/p>\n<p>[\/et_pb_text][\/et_pb_column][et_pb_column type=&#187;1_2&#8243; _builder_version=&#187;4.16&#8243; _module_preset=&#187;default&#187; global_colors_info=&#187;{}&#187;][et_pb_image src=&#187;https:\/\/chinderschtuba.ch.copernicus.sui-inter.net\/wp-content\/uploads\/2021\/10\/schlafen.jpg&#187; title_text=&#187;schlafen&#187; _builder_version=&#187;4.16&#8243; _module_preset=&#187;default&#187; global_colors_info=&#187;{}&#187;][\/et_pb_image][\/et_pb_column][\/et_pb_row][\/et_pb_section][et_pb_section fb_built=&#187;1&#8243; _builder_version=&#187;4.16&#8243; _module_preset=&#187;default&#187; global_colors_info=&#187;{}&#187;][et_pb_row _builder_version=&#187;4.16&#8243; _module_preset=&#187;default&#187; global_colors_info=&#187;{}&#187;][et_pb_column type=&#187;4_4&#8243; _builder_version=&#187;4.16&#8243; _module_preset=&#187;default&#187; global_colors_info=&#187;{}&#187;][et_pb_text _builder_version=&#187;4.16&#8243; _module_preset=&#187;default&#187; global_colors_info=&#187;{}&#187;]<\/p>\n<h2>Themen\u00fcbersicht<\/h2>\n<p>[\/et_pb_text][\/et_pb_column][\/et_pb_row][et_pb_row column_structure=&#187;1_2,1_2&#8243; _builder_version=&#187;4.16&#8243; _module_preset=&#187;default&#187; global_colors_info=&#187;{}&#187;][et_pb_column type=&#187;1_2&#8243; _builder_version=&#187;4.16&#8243; _module_preset=&#187;default&#187; global_colors_info=&#187;{}&#187;][et_pb_text _builder_version=&#187;4.16&#8243; _module_preset=&#187;default&#187; text_font=&#187;|300|||||||&#187; text_font_size=&#187;16px&#187; text_line_height=&#187;1.8em&#187; global_colors_info=&#187;{}&#187;]<\/p>\n<ul>\n<li>Der kindliche Schlafrhythmus und der individuelle Schlafbedarf<\/li>\n<li>Die nat\u00fcrliche Schlafentwicklung (u.a. bei Stillkindern)<\/li>\n<li>Durchschlafen<\/li>\n<li>Gr\u00fcnde f\u00fcr das h\u00e4ufige Aufwachen<\/li>\n<li>Sicherheitsmassnahmen beim gemeinsamen Schlafen<\/li>\n<li>Alleine schlafen lernen \/ die Autonomieentwicklung<\/li>\n<li>Alternativen zu Schlaftrainings (Ferbermethode)<\/li>\n<\/ul>\n<p>[\/et_pb_text][\/et_pb_column][et_pb_column type=&#187;1_2&#8243; _builder_version=&#187;4.16&#8243; _module_preset=&#187;default&#187; global_colors_info=&#187;{}&#187;][et_pb_text _builder_version=&#187;4.16&#8243; _module_preset=&#187;default&#187; text_font=&#187;|300|||||||&#187; text_font_size=&#187;16px&#187; text_line_height=&#187;1.8em&#187; global_colors_info=&#187;{}&#187;]<\/p>\n<ul>\n<li>Einschlafen an der Brust<\/li>\n<li>Nachts abstillen &#8211; Eine sanfte Vorgehensweise<\/li>\n<li>N\u00e4chtliche \u00c4ngste, Schreien, Albtr\u00e4ume<\/li>\n<li>Die emotionale Entwicklung und der Vertrauensaufbau<\/li>\n<li>Die Eltern-Kind-Bindung<\/li>\n<li>Verbesserung der Schlafqualit\u00e4t der ganzen Familie<\/li>\n<\/ul>\n<p>[\/et_pb_text][\/et_pb_column][\/et_pb_row][\/et_pb_section][et_pb_section fb_built=&#187;1&#8243; _builder_version=&#187;4.16&#8243; _module_preset=&#187;default&#187; background_color=&#187;gcid-9ac508f9-9fe9-47e8-9734-87d6016baacb&#187; global_colors_info=&#187;{%22gcid-9ac508f9-9fe9-47e8-9734-87d6016baacb%22:%91%22background_color%22%93}&#187;][et_pb_row _builder_version=&#187;4.16&#8243; _module_preset=&#187;default&#187; global_colors_info=&#187;{}&#187;][et_pb_column type=&#187;4_4&#8243; _builder_version=&#187;4.16&#8243; _module_preset=&#187;default&#187; global_colors_info=&#187;{}&#187;][et_pb_text _builder_version=&#187;4.16&#8243; _module_preset=&#187;default&#187; global_colors_info=&#187;{}&#187;]<\/p>\n<h2>Information<\/h2>\n<p>[\/et_pb_text][et_pb_text _builder_version=&#187;4.23.1&#8243; _module_preset=&#187;default&#187; text_font=&#187;|300|||||||&#187; text_font_size=&#187;16px&#187; text_line_height=&#187;1.8em&#187; hover_enabled=&#187;0&#8243; global_colors_info=&#187;{}&#187; sticky_enabled=&#187;0&#8243;]<\/p>\n<div class=\"optimize\" id=\"wb_uid78\"><strong>Dauer:<\/strong><\/div>\n<div class=\"optimize\" id=\"wb_uid80\">\n<p><span id=\"wb_uid81\">Eine Beratung dauert in der Regel zwischen 60 und 90 Minuten. Im <\/span><span id=\"wb_uid83\">Pauschalpreis einbegriffen ist eine telefonische Nachbesprechung 2 <\/span><span id=\"wb_uid85\">Wochen nach der Beratung, um offene Fragen und bestehende <\/span><span id=\"wb_uid87\">Probleme zu besprechen.<\/span><\/p>\n<p><strong>Kosten:<\/strong><\/p>\n<\/div>\n<div class=\"optimize\"><span><span id=\"wb_uid79\">F\u00fcr eine Beratung: Fr.150.-<\/span><\/span><\/div>\n<p>[\/et_pb_text][et_pb_button button_url=&#187;@ET-DC@eyJkeW5hbWljIjp0cnVlLCJjb250ZW50IjoicG9zdF9saW5rX3VybF9wYWdlIiwic2V0dGluZ3MiOnsicG9zdF9pZCI6IjExNSJ9fQ==@&#187; button_text=&#187;Kontakt&#187; _builder_version=&#187;4.16&#8243; _dynamic_attributes=&#187;button_url&#187; _module_preset=&#187;default&#187; custom_button=&#187;on&#187; button_text_size=&#187;16px&#187; global_colors_info=&#187;{}&#187;][\/et_pb_button][\/et_pb_column][\/et_pb_row][\/et_pb_section]<\/p>\n","protected":false},"excerpt":{"rendered":"<p>Schlafberatung Bei den meisten Eltern tauchen w\u00e4hrend der ersten Lebensjahre ihresKindes Fragen zur Schlafentwicklung auf. Manchmal sind es sogar mehrals Fragen \u2013 anstrengende N\u00e4chte, Ersch\u00f6pfung,Einschlafschwierigkeiten des Kindes \u2013 die Eltern in dieser Anfangszeitan ihre Grenzen bringen. In einer Schlafberatung kann ich unter anderemzu folgenden Themen Auskunft geben und Familien auf eine sanfte undkindgerechte Weise unterst\u00fctzen, [&hellip;]<\/p>\n","protected":false},"author":1,"featured_media":0,"parent":0,"menu_order":0,"comment_status":"closed","ping_status":"closed","template":"","meta":{"_et_pb_use_builder":"on","_et_pb_old_content":"<!-- wp:divi\/placeholder \/-->","_et_gb_content_width":"","footnotes":""},"class_list":["post-105","page","type-page","status-publish","hentry"],"yoast_head":"<!-- This site is optimized with the Yoast SEO plugin v27.0 - https:\/\/yoast.com\/product\/yoast-seo-wordpress\/ -->\n<title>Schlafberatung - Chinderschtuba<\/title>\n<meta name=\"robots\" content=\"index, follow, max-snippet:-1, max-image-preview:large, max-video-preview:-1\" \/>\n<link rel=\"canonical\" href=\"https:\/\/chinderschtuba.ch\/en\/schlafberatung\/\" \/>\n<meta property=\"og:locale\" content=\"en_GB\" \/>\n<meta property=\"og:type\" content=\"article\" \/>\n<meta property=\"og:title\" content=\"Schlafberatung - Chinderschtuba\" \/>\n<meta property=\"og:description\" content=\"Schlafberatung Bei den meisten Eltern tauchen w\u00e4hrend der ersten Lebensjahre ihresKindes Fragen zur Schlafentwicklung auf. Manchmal sind es sogar mehrals Fragen \u2013 anstrengende N\u00e4chte, Ersch\u00f6pfung,Einschlafschwierigkeiten des Kindes \u2013 die Eltern in dieser Anfangszeitan ihre Grenzen bringen. In einer Schlafberatung kann ich unter anderemzu folgenden Themen Auskunft geben und Familien auf eine sanfte undkindgerechte Weise unterst\u00fctzen, [&hellip;]\" \/>\n<meta property=\"og:url\" content=\"https:\/\/chinderschtuba.ch\/en\/schlafberatung\/\" \/>\n<meta property=\"og:site_name\" content=\"Chinderschtuba\" \/>\n<meta property=\"article:modified_time\" content=\"2023-11-29T15:48:15+00:00\" \/>\n<meta name=\"twitter:card\" content=\"summary_large_image\" \/>\n<meta name=\"twitter:label1\" content=\"Estimated reading time\" \/>\n\t<meta name=\"twitter:data1\" content=\"3 minutes\" \/>\n<script type=\"application\/ld+json\" class=\"yoast-schema-graph\">{\"@context\":\"https:\/\/schema.org\",\"@graph\":[{\"@type\":\"WebPage\",\"@id\":\"https:\/\/chinderschtuba.ch\/de_ch\/schlafberatung\/\",\"url\":\"https:\/\/chinderschtuba.ch\/de_ch\/schlafberatung\/\",\"name\":\"Schlafberatung - Chinderschtuba\",\"isPartOf\":{\"@id\":\"https:\/\/chinderschtuba.ch\/#website\"},\"datePublished\":\"2021-09-12T17:58:41+00:00\",\"dateModified\":\"2023-11-29T15:48:15+00:00\",\"breadcrumb\":{\"@id\":\"https:\/\/chinderschtuba.ch\/de_ch\/schlafberatung\/#breadcrumb\"},\"inLanguage\":\"en-GB\",\"potentialAction\":[{\"@type\":\"ReadAction\",\"target\":[\"https:\/\/chinderschtuba.ch\/de_ch\/schlafberatung\/\"]}]},{\"@type\":\"BreadcrumbList\",\"@id\":\"https:\/\/chinderschtuba.ch\/de_ch\/schlafberatung\/#breadcrumb\",\"itemListElement\":[{\"@type\":\"ListItem\",\"position\":1,\"name\":\"Startseite\",\"item\":\"https:\/\/chinderschtuba.ch\/\"},{\"@type\":\"ListItem\",\"position\":2,\"name\":\"Schlafberatung\"}]},{\"@type\":\"WebSite\",\"@id\":\"https:\/\/chinderschtuba.ch\/#website\",\"url\":\"https:\/\/chinderschtuba.ch\/\",\"name\":\"Chinderschtuba - Spielgruppe - Schlafberatung - Elternberatung\",\"description\":\"erleben - verstehen - erleben\",\"publisher\":{\"@id\":\"https:\/\/chinderschtuba.ch\/#\/schema\/person\/1e2167380158b46fd82d8e4eb9b373f8\"},\"potentialAction\":[{\"@type\":\"SearchAction\",\"target\":{\"@type\":\"EntryPoint\",\"urlTemplate\":\"https:\/\/chinderschtuba.ch\/?s={search_term_string}\"},\"query-input\":{\"@type\":\"PropertyValueSpecification\",\"valueRequired\":true,\"valueName\":\"search_term_string\"}}],\"inLanguage\":\"en-GB\"},{\"@type\":[\"Person\",\"Organization\"],\"@id\":\"https:\/\/chinderschtuba.ch\/#\/schema\/person\/1e2167380158b46fd82d8e4eb9b373f8\",\"name\":\"Carmen Furrer\",\"image\":{\"@type\":\"ImageObject\",\"inLanguage\":\"en-GB\",\"@id\":\"https:\/\/chinderschtuba.ch\/#\/schema\/person\/image\/\",\"url\":\"https:\/\/chinderschtuba.ch\/wp-content\/uploads\/2023\/06\/logo_chinderschtuba-cf.png\",\"contentUrl\":\"https:\/\/chinderschtuba.ch\/wp-content\/uploads\/2023\/06\/logo_chinderschtuba-cf.png\",\"width\":993,\"height\":511,\"caption\":\"Carmen Furrer\"},\"logo\":{\"@id\":\"https:\/\/chinderschtuba.ch\/#\/schema\/person\/image\/\"},\"sameAs\":[\"http:\/\/www.chinderschtuba.ch\"]}]}<\/script>\n<!-- \/ Yoast SEO plugin. -->","yoast_head_json":{"title":"Schlafberatung - Chinderschtuba","robots":{"index":"index","follow":"follow","max-snippet":"max-snippet:-1","max-image-preview":"max-image-preview:large","max-video-preview":"max-video-preview:-1"},"canonical":"https:\/\/chinderschtuba.ch\/en\/schlafberatung\/","og_locale":"en_GB","og_type":"article","og_title":"Schlafberatung - Chinderschtuba","og_description":"Schlafberatung Bei den meisten Eltern tauchen w\u00e4hrend der ersten Lebensjahre ihresKindes Fragen zur Schlafentwicklung auf. Manchmal sind es sogar mehrals Fragen \u2013 anstrengende N\u00e4chte, Ersch\u00f6pfung,Einschlafschwierigkeiten des Kindes \u2013 die Eltern in dieser Anfangszeitan ihre Grenzen bringen. In einer Schlafberatung kann ich unter anderemzu folgenden Themen Auskunft geben und Familien auf eine sanfte undkindgerechte Weise unterst\u00fctzen, [&hellip;]","og_url":"https:\/\/chinderschtuba.ch\/en\/schlafberatung\/","og_site_name":"Chinderschtuba","article_modified_time":"2023-11-29T15:48:15+00:00","twitter_card":"summary_large_image","twitter_misc":{"Estimated reading time":"3 minutes"},"schema":{"@context":"https:\/\/schema.org","@graph":[{"@type":"WebPage","@id":"https:\/\/chinderschtuba.ch\/de_ch\/schlafberatung\/","url":"https:\/\/chinderschtuba.ch\/de_ch\/schlafberatung\/","name":"Schlafberatung - Chinderschtuba","isPartOf":{"@id":"https:\/\/chinderschtuba.ch\/#website"},"datePublished":"2021-09-12T17:58:41+00:00","dateModified":"2023-11-29T15:48:15+00:00","breadcrumb":{"@id":"https:\/\/chinderschtuba.ch\/de_ch\/schlafberatung\/#breadcrumb"},"inLanguage":"en-GB","potentialAction":[{"@type":"ReadAction","target":["https:\/\/chinderschtuba.ch\/de_ch\/schlafberatung\/"]}]},{"@type":"BreadcrumbList","@id":"https:\/\/chinderschtuba.ch\/de_ch\/schlafberatung\/#breadcrumb","itemListElement":[{"@type":"ListItem","position":1,"name":"Startseite","item":"https:\/\/chinderschtuba.ch\/"},{"@type":"ListItem","position":2,"name":"Schlafberatung"}]},{"@type":"WebSite","@id":"https:\/\/chinderschtuba.ch\/#website","url":"https:\/\/chinderschtuba.ch\/","name":"Chinderschtuba - Spielgruppe - Schlafberatung - Elternberatung","description":"erleben - verstehen - erleben","publisher":{"@id":"https:\/\/chinderschtuba.ch\/#\/schema\/person\/1e2167380158b46fd82d8e4eb9b373f8"},"potentialAction":[{"@type":"SearchAction","target":{"@type":"EntryPoint","urlTemplate":"https:\/\/chinderschtuba.ch\/?s={search_term_string}"},"query-input":{"@type":"PropertyValueSpecification","valueRequired":true,"valueName":"search_term_string"}}],"inLanguage":"en-GB"},{"@type":["Person","Organization"],"@id":"https:\/\/chinderschtuba.ch\/#\/schema\/person\/1e2167380158b46fd82d8e4eb9b373f8","name":"Carmen Furrer","image":{"@type":"ImageObject","inLanguage":"en-GB","@id":"https:\/\/chinderschtuba.ch\/#\/schema\/person\/image\/","url":"https:\/\/chinderschtuba.ch\/wp-content\/uploads\/2023\/06\/logo_chinderschtuba-cf.png","contentUrl":"https:\/\/chinderschtuba.ch\/wp-content\/uploads\/2023\/06\/logo_chinderschtuba-cf.png","width":993,"height":511,"caption":"Carmen Furrer"},"logo":{"@id":"https:\/\/chinderschtuba.ch\/#\/schema\/person\/image\/"},"sameAs":["http:\/\/www.chinderschtuba.ch"]}]}},"_links":{"self":[{"href":"https:\/\/chinderschtuba.ch\/en\/wp-json\/wp\/v2\/pages\/105","targetHints":{"allow":["GET"]}}],"collection":[{"href":"https:\/\/chinderschtuba.ch\/en\/wp-json\/wp\/v2\/pages"}],"about":[{"href":"https:\/\/chinderschtuba.ch\/en\/wp-json\/wp\/v2\/types\/page"}],"author":[{"embeddable":true,"href":"https:\/\/chinderschtuba.ch\/en\/wp-json\/wp\/v2\/users\/1"}],"replies":[{"embeddable":true,"href":"https:\/\/chinderschtuba.ch\/en\/wp-json\/wp\/v2\/comments?post=105"}],"version-history":[{"count":12,"href":"https:\/\/chinderschtuba.ch\/en\/wp-json\/wp\/v2\/pages\/105\/revisions"}],"predecessor-version":[{"id":812,"href":"https:\/\/chinderschtuba.ch\/en\/wp-json\/wp\/v2\/pages\/105\/revisions\/812"}],"wp:attachment":[{"href":"https:\/\/chinderschtuba.ch\/en\/wp-json\/wp\/v2\/media?parent=105"}],"curies":[{"name":"wp","href":"https:\/\/api.w.org\/{rel}","templated":true}]}}