{"id":52,"date":"2021-09-12T14:00:12","date_gmt":"2021-09-12T12:00:12","guid":{"rendered":"https:\/\/chinderschtuba.ch.copernicus.sui-inter.net\/?page_id=52"},"modified":"2021-11-04T16:50:58","modified_gmt":"2021-11-04T15:50:58","slug":"kurse","status":"publish","type":"page","link":"https:\/\/chinderschtuba.ch\/en\/kurse\/","title":{"rendered":"Courses"},"content":{"rendered":"<p>[et_pb_section fb_built=&#187;1&#8243; _builder_version=&#187;4.10.6&#8243; _module_preset=&#187;default&#187; background_color=&#187;gcid-9ac508f9-9fe9-47e8-9734-87d6016baacb&#187; global_colors_info=&#187;{%22gcid-9ac508f9-9fe9-47e8-9734-87d6016baacb%22:%91%22background_color%22%93}&#187;][et_pb_row column_structure=&#187;1_2,1_2&#8243; _builder_version=&#187;4.11.4&#8243; _module_preset=&#187;default&#187; global_colors_info=&#187;{}&#187;][et_pb_column type=&#187;1_2&#8243; _builder_version=&#187;4.10.6&#8243; _module_preset=&#187;default&#187; global_colors_info=&#187;{}&#187;][et_pb_blurb title=&#187;Kurse f\u00fcr Eltern&#187; image=&#187;https:\/\/chinderschtuba.ch.copernicus.sui-inter.net\/wp-content\/uploads\/2021\/10\/elternberatung.jpg&#187; _builder_version=&#187;4.12.1&#8243; _module_preset=&#187;default&#187; header_level=&#187;h2&#8243; body_font=&#187;|300|||||||&#187; body_font_size=&#187;16px&#187; body_line_height=&#187;1.8em&#187; hover_enabled=&#187;0&#8243; global_colors_info=&#187;{}&#187; sticky_enabled=&#187;0&#8243;]<\/p>\n<div class=\"optimize\" id=\"wb_uid7\">F\u00fchlen Sie sich in Ihrer Rolle als Eltern manchmal herausgefordert und brauchen praktische Hinweise, wie sich der Alltag mit Kindern einfacher meistern l\u00e4sst?<\/div>\n<p>[\/et_pb_blurb][et_pb_button button_url=&#187;@ET-DC@eyJkeW5hbWljIjp0cnVlLCJjb250ZW50IjoicG9zdF9saW5rX3VybF9wYWdlIiwic2V0dGluZ3MiOnsicG9zdF9pZCI6IjEwOSJ9fQ==@&#187; button_text=&#187;Weitere Informationen&#187; _builder_version=&#187;4.10.6&#8243; _dynamic_attributes=&#187;button_url&#187; _module_preset=&#187;default&#187; custom_button=&#187;on&#187; button_text_size=&#187;18px&#187; global_colors_info=&#187;{}&#187;][\/et_pb_button][\/et_pb_column][et_pb_column type=&#187;1_2&#8243; _builder_version=&#187;4.10.6&#8243; _module_preset=&#187;default&#187; global_colors_info=&#187;{}&#187;][et_pb_blurb title=&#187;Weiterbildungen&#187; image=&#187;https:\/\/chinderschtuba.ch.copernicus.sui-inter.net\/wp-content\/uploads\/2021\/10\/Weiterbildung-Fachpersonen-Fotolia.jpg&#187; _builder_version=&#187;4.11.2&#8243; _module_preset=&#187;default&#187; header_level=&#187;h2&#8243; body_font=&#187;|300|||||||&#187; body_font_size=&#187;16px&#187; body_line_height=&#187;1.8em&#187; global_colors_info=&#187;{}&#187;]<\/p>\n<div class=\"optimize\" id=\"wb_uid7\">Dank meiner Ausbildung, Weiterbildung und praktischen Erfahrung kann ich Ihnen ein breit gef\u00e4chertes Angebot an Weiterbildungen f\u00fcr Ihr Team anbieten.<\/div>\n<p>[\/et_pb_blurb][et_pb_button button_url=&#187;@ET-DC@eyJkeW5hbWljIjp0cnVlLCJjb250ZW50IjoicG9zdF9saW5rX3VybF9wYWdlIiwic2V0dGluZ3MiOnsicG9zdF9pZCI6IjExMSJ9fQ==@&#187; button_text=&#187;Weitere Informationen&#187; _builder_version=&#187;4.10.6&#8243; _dynamic_attributes=&#187;button_url&#187; _module_preset=&#187;default&#187; custom_button=&#187;on&#187; button_text_size=&#187;18px&#187; global_colors_info=&#187;{}&#187;][\/et_pb_button][\/et_pb_column][\/et_pb_row][\/et_pb_section]<\/p>\n","protected":false},"excerpt":{"rendered":"<p>F\u00fchlen Sie sich in Ihrer Rolle als Eltern manchmal herausgefordert und brauchen praktische Hinweise, wie sich der Alltag mit Kindern einfacher meistern l\u00e4sst?Dank meiner Ausbildung, Weiterbildung und praktischen Erfahrung kann ich Ihnen ein breit gef\u00e4chertes Angebot an Weiterbildungen f\u00fcr Ihr Team anbieten.<\/p>","protected":false},"author":1,"featured_media":0,"parent":0,"menu_order":0,"comment_status":"closed","ping_status":"closed","template":"","meta":{"_et_pb_use_builder":"on","_et_pb_old_content":"<!-- wp:divi\/placeholder \/-->","_et_gb_content_width":"","footnotes":""},"class_list":["post-52","page","type-page","status-publish","hentry"],"yoast_head":"<!-- This site is optimized with the Yoast SEO plugin v27.0 - https:\/\/yoast.com\/product\/yoast-seo-wordpress\/ -->\n<title>Kurse - Chinderschtuba<\/title>\n<meta name=\"robots\" content=\"index, follow, max-snippet:-1, max-image-preview:large, max-video-preview:-1\" \/>\n<link rel=\"canonical\" href=\"https:\/\/chinderschtuba.ch\/en\/kurse\/\" \/>\n<meta property=\"og:locale\" content=\"en_GB\" \/>\n<meta property=\"og:type\" content=\"article\" \/>\n<meta property=\"og:title\" content=\"Kurse - Chinderschtuba\" \/>\n<meta property=\"og:description\" content=\"F\u00fchlen Sie sich in Ihrer Rolle als Eltern manchmal herausgefordert und brauchen praktische Hinweise, wie sich der Alltag mit Kindern einfacher meistern l\u00e4sst?Dank meiner Ausbildung, Weiterbildung und praktischen Erfahrung kann ich Ihnen ein breit gef\u00e4chertes Angebot an Weiterbildungen f\u00fcr Ihr Team anbieten.\" \/>\n<meta property=\"og:url\" content=\"https:\/\/chinderschtuba.ch\/en\/kurse\/\" \/>\n<meta property=\"og:site_name\" content=\"Chinderschtuba\" \/>\n<meta property=\"article:modified_time\" content=\"2021-11-04T15:50:58+00:00\" \/>\n<meta name=\"twitter:card\" content=\"summary_large_image\" \/>\n<meta name=\"twitter:label1\" content=\"Estimated reading time\" \/>\n\t<meta name=\"twitter:data1\" content=\"2 minutes\" \/>\n<script type=\"application\/ld+json\" class=\"yoast-schema-graph\">{\"@context\":\"https:\/\/schema.org\",\"@graph\":[{\"@type\":\"WebPage\",\"@id\":\"https:\/\/chinderschtuba.ch\/kurse\/\",\"url\":\"https:\/\/chinderschtuba.ch\/kurse\/\",\"name\":\"Kurse - Chinderschtuba\",\"isPartOf\":{\"@id\":\"https:\/\/chinderschtuba.ch\/#website\"},\"datePublished\":\"2021-09-12T12:00:12+00:00\",\"dateModified\":\"2021-11-04T15:50:58+00:00\",\"breadcrumb\":{\"@id\":\"https:\/\/chinderschtuba.ch\/kurse\/#breadcrumb\"},\"inLanguage\":\"en-GB\",\"potentialAction\":[{\"@type\":\"ReadAction\",\"target\":[\"https:\/\/chinderschtuba.ch\/kurse\/\"]}]},{\"@type\":\"BreadcrumbList\",\"@id\":\"https:\/\/chinderschtuba.ch\/kurse\/#breadcrumb\",\"itemListElement\":[{\"@type\":\"ListItem\",\"position\":1,\"name\":\"Startseite\",\"item\":\"https:\/\/chinderschtuba.ch\/\"},{\"@type\":\"ListItem\",\"position\":2,\"name\":\"Kurse\"}]},{\"@type\":\"WebSite\",\"@id\":\"https:\/\/chinderschtuba.ch\/#website\",\"url\":\"https:\/\/chinderschtuba.ch\/\",\"name\":\"Chinderschtuba - Spielgruppe - Schlafberatung - Elternberatung\",\"description\":\"erleben - verstehen - erleben\",\"publisher\":{\"@id\":\"https:\/\/chinderschtuba.ch\/#\/schema\/person\/1e2167380158b46fd82d8e4eb9b373f8\"},\"potentialAction\":[{\"@type\":\"SearchAction\",\"target\":{\"@type\":\"EntryPoint\",\"urlTemplate\":\"https:\/\/chinderschtuba.ch\/?s={search_term_string}\"},\"query-input\":{\"@type\":\"PropertyValueSpecification\",\"valueRequired\":true,\"valueName\":\"search_term_string\"}}],\"inLanguage\":\"en-GB\"},{\"@type\":[\"Person\",\"Organization\"],\"@id\":\"https:\/\/chinderschtuba.ch\/#\/schema\/person\/1e2167380158b46fd82d8e4eb9b373f8\",\"name\":\"Carmen Furrer\",\"image\":{\"@type\":\"ImageObject\",\"inLanguage\":\"en-GB\",\"@id\":\"https:\/\/chinderschtuba.ch\/#\/schema\/person\/image\/\",\"url\":\"https:\/\/chinderschtuba.ch\/wp-content\/uploads\/2023\/06\/logo_chinderschtuba-cf.png\",\"contentUrl\":\"https:\/\/chinderschtuba.ch\/wp-content\/uploads\/2023\/06\/logo_chinderschtuba-cf.png\",\"width\":993,\"height\":511,\"caption\":\"Carmen Furrer\"},\"logo\":{\"@id\":\"https:\/\/chinderschtuba.ch\/#\/schema\/person\/image\/\"},\"sameAs\":[\"http:\/\/www.chinderschtuba.ch\"]}]}<\/script>\n<!-- \/ Yoast SEO plugin. -->","yoast_head_json":{"title":"Kurse - Chinderschtuba","robots":{"index":"index","follow":"follow","max-snippet":"max-snippet:-1","max-image-preview":"max-image-preview:large","max-video-preview":"max-video-preview:-1"},"canonical":"https:\/\/chinderschtuba.ch\/en\/kurse\/","og_locale":"en_GB","og_type":"article","og_title":"Kurse - Chinderschtuba","og_description":"F\u00fchlen Sie sich in Ihrer Rolle als Eltern manchmal herausgefordert und brauchen praktische Hinweise, wie sich der Alltag mit Kindern einfacher meistern l\u00e4sst?Dank meiner Ausbildung, Weiterbildung und praktischen Erfahrung kann ich Ihnen ein breit gef\u00e4chertes Angebot an Weiterbildungen f\u00fcr Ihr Team anbieten.","og_url":"https:\/\/chinderschtuba.ch\/en\/kurse\/","og_site_name":"Chinderschtuba","article_modified_time":"2021-11-04T15:50:58+00:00","twitter_card":"summary_large_image","twitter_misc":{"Estimated reading time":"2 minutes"},"schema":{"@context":"https:\/\/schema.org","@graph":[{"@type":"WebPage","@id":"https:\/\/chinderschtuba.ch\/kurse\/","url":"https:\/\/chinderschtuba.ch\/kurse\/","name":"Kurse - Chinderschtuba","isPartOf":{"@id":"https:\/\/chinderschtuba.ch\/#website"},"datePublished":"2021-09-12T12:00:12+00:00","dateModified":"2021-11-04T15:50:58+00:00","breadcrumb":{"@id":"https:\/\/chinderschtuba.ch\/kurse\/#breadcrumb"},"inLanguage":"en-GB","potentialAction":[{"@type":"ReadAction","target":["https:\/\/chinderschtuba.ch\/kurse\/"]}]},{"@type":"BreadcrumbList","@id":"https:\/\/chinderschtuba.ch\/kurse\/#breadcrumb","itemListElement":[{"@type":"ListItem","position":1,"name":"Startseite","item":"https:\/\/chinderschtuba.ch\/"},{"@type":"ListItem","position":2,"name":"Kurse"}]},{"@type":"WebSite","@id":"https:\/\/chinderschtuba.ch\/#website","url":"https:\/\/chinderschtuba.ch\/","name":"Chinderschtuba - Spielgruppe - Schlafberatung - Elternberatung","description":"erleben - verstehen - erleben","publisher":{"@id":"https:\/\/chinderschtuba.ch\/#\/schema\/person\/1e2167380158b46fd82d8e4eb9b373f8"},"potentialAction":[{"@type":"SearchAction","target":{"@type":"EntryPoint","urlTemplate":"https:\/\/chinderschtuba.ch\/?s={search_term_string}"},"query-input":{"@type":"PropertyValueSpecification","valueRequired":true,"valueName":"search_term_string"}}],"inLanguage":"en-GB"},{"@type":["Person","Organization"],"@id":"https:\/\/chinderschtuba.ch\/#\/schema\/person\/1e2167380158b46fd82d8e4eb9b373f8","name":"Carmen Furrer","image":{"@type":"ImageObject","inLanguage":"en-GB","@id":"https:\/\/chinderschtuba.ch\/#\/schema\/person\/image\/","url":"https:\/\/chinderschtuba.ch\/wp-content\/uploads\/2023\/06\/logo_chinderschtuba-cf.png","contentUrl":"https:\/\/chinderschtuba.ch\/wp-content\/uploads\/2023\/06\/logo_chinderschtuba-cf.png","width":993,"height":511,"caption":"Carmen Furrer"},"logo":{"@id":"https:\/\/chinderschtuba.ch\/#\/schema\/person\/image\/"},"sameAs":["http:\/\/www.chinderschtuba.ch"]}]}},"_links":{"self":[{"href":"https:\/\/chinderschtuba.ch\/en\/wp-json\/wp\/v2\/pages\/52","targetHints":{"allow":["GET"]}}],"collection":[{"href":"https:\/\/chinderschtuba.ch\/en\/wp-json\/wp\/v2\/pages"}],"about":[{"href":"https:\/\/chinderschtuba.ch\/en\/wp-json\/wp\/v2\/types\/page"}],"author":[{"embeddable":true,"href":"https:\/\/chinderschtuba.ch\/en\/wp-json\/wp\/v2\/users\/1"}],"replies":[{"embeddable":true,"href":"https:\/\/chinderschtuba.ch\/en\/wp-json\/wp\/v2\/comments?post=52"}],"version-history":[{"count":9,"href":"https:\/\/chinderschtuba.ch\/en\/wp-json\/wp\/v2\/pages\/52\/revisions"}],"predecessor-version":[{"id":453,"href":"https:\/\/chinderschtuba.ch\/en\/wp-json\/wp\/v2\/pages\/52\/revisions\/453"}],"wp:attachment":[{"href":"https:\/\/chinderschtuba.ch\/en\/wp-json\/wp\/v2\/media?parent=52"}],"curies":[{"name":"wp","href":"https:\/\/api.w.org\/{rel}","templated":true}]}}