{"id":850,"date":"2024-03-28T15:33:22","date_gmt":"2024-03-28T14:33:22","guid":{"rendered":"https:\/\/chinderschtuba.ch\/?page_id=850"},"modified":"2024-03-28T18:02:00","modified_gmt":"2024-03-28T17:02:00","slug":"kundenrueckmeldungen","status":"publish","type":"page","link":"https:\/\/chinderschtuba.ch\/en\/kundenrueckmeldungen\/","title":{"rendered":"R\u00fcckmeldungen"},"content":{"rendered":"<p>[et_pb_section fb_built=&#187;1&#8243; _builder_version=&#187;4.16&#8243; _module_preset=&#187;default&#187; background_color=&#187;#fefbf8&#8243; custom_padding=&#187;||0px|||&#187; border_color_top=&#187;gcid-3834b130-d4ca-4a1e-b409-812852908a7f&#187; border_style_top=&#187;dotted&#187; global_colors_info=&#187;{%22gcid-3834b130-d4ca-4a1e-b409-812852908a7f%22:%91%22border_color_top%22%93}&#187;][et_pb_row column_structure=&#187;1_2,1_2&#8243; _builder_version=&#187;4.24.2&#8243; _module_preset=&#187;default&#187; hover_enabled=&#187;0&#8243; global_colors_info=&#187;{}&#187; sticky_enabled=&#187;0&#8243;][et_pb_column type=&#187;1_2&#8243; _builder_version=&#187;4.16&#8243; _module_preset=&#187;default&#187; global_colors_info=&#187;{}&#187;][et_pb_text _builder_version=&#187;4.24.2&#8243; _module_preset=&#187;default&#187; text_font=&#187;|300|||||||&#187; text_font_size=&#187;16px&#187; text_line_height=&#187;1.8em&#187; header_2_font_size=&#187;36px&#187; header_2_line_height=&#187;1.2em&#187; custom_padding=&#187;||68px|||&#187; hover_enabled=&#187;0&#8243; global_colors_info=&#187;{}&#187; sticky_enabled=&#187;0&#8243;]<\/p>\n<h2>R\u00fcckmeldungen<\/h2>\n<h3>Lerncoachings<\/h3>\n<p>Unser Sohn steht den anderen Kindern im Lesen gar nicht mehr nach. Er ist immer sehr gerne zu dir gekommen. Zuhause haben wir keinen Streit mehr beim Lesen &#8211; er macht super mit. Eine Leseratte wird er vermutlich nie, aber er kann fliessend lesen und das dank deiner Hilfe. Wir k\u00f6nnen dich nur weiterempfehlen.<\/p>\n<p>Mutter eines 4. Kl\u00e4sslers<\/p>\n<p>Das Coaching hat mir definitiv geholfen. Ich habe mich auf die Vorschl\u00e4ge eingelassen und es umgesetzt. Ich habe eine Ver\u00e4nderung gesehen und auch meine Noten\u00a0wurden\u00a0besser.<\/p>\n<p>Sch\u00fcler 1. OS<\/p>\n<p>[\/et_pb_text][\/et_pb_column][et_pb_column type=&#187;1_2&#8243; _builder_version=&#187;4.16&#8243; _module_preset=&#187;default&#187; global_colors_info=&#187;{}&#187;][et_pb_text _builder_version=&#187;4.24.2&#8243; _module_preset=&#187;default&#187; text_font=&#187;|300|||||||&#187; text_font_size=&#187;16px&#187; text_line_height=&#187;1.8em&#187; custom_padding=&#187;66px|||||&#187; hover_enabled=&#187;0&#8243; global_colors_info=&#187;{}&#187; sticky_enabled=&#187;0&#8243;]<\/p>\n<p>&nbsp;<\/p>\n<p>Durch deine Unterst\u00fctzung kann unser Sohn sich besser konzentrieren. Auch bei den Hausaufgaben haben wir weniger Streit und ich kann mich besser zur\u00fcckhalten. Unser Sohn kennt jetzt Lernstrategien und kann sich das Lernen selber einteilen.<\/p>\n<p>Mutter eines 5. Kl\u00e4sslers<\/p>\n<p>[\/et_pb_text][\/et_pb_column][\/et_pb_row][et_pb_row column_structure=&#187;1_2,1_2&#8243; _builder_version=&#187;4.24.2&#8243; _module_preset=&#187;default&#187; custom_padding=&#187;0px|||||&#187; global_colors_info=&#187;{}&#187;][et_pb_column type=&#187;1_2&#8243; _builder_version=&#187;4.16&#8243; _module_preset=&#187;default&#187; global_colors_info=&#187;{}&#187;][et_pb_text _builder_version=&#187;4.24.2&#8243; _module_preset=&#187;default&#187; text_font=&#187;|300|||||||&#187; text_font_size=&#187;16px&#187; text_line_height=&#187;1.8em&#187; global_colors_info=&#187;{}&#187;][\/et_pb_text][\/et_pb_column][et_pb_column type=&#187;1_2&#8243; _builder_version=&#187;4.16&#8243; _module_preset=&#187;default&#187; global_colors_info=&#187;{}&#187;][et_pb_text _builder_version=&#187;4.24.2&#8243; _module_preset=&#187;default&#187; text_font=&#187;|300|||||||&#187; text_font_size=&#187;16px&#187; text_line_height=&#187;1.8em&#187; global_colors_info=&#187;{}&#187;][\/et_pb_text][\/et_pb_column][\/et_pb_row][\/et_pb_section][et_pb_section fb_built=&#187;1&#8243; _builder_version=&#187;4.21.0&#8243; _module_preset=&#187;default&#187; background_color=&#187;#FFFFFF&#187; border_color_top=&#187;gcid-3834b130-d4ca-4a1e-b409-812852908a7f&#187; border_style_top=&#187;dotted&#187; global_colors_info=&#187;{%22gcid-3834b130-d4ca-4a1e-b409-812852908a7f%22:%91%22border_color_top%22%93}&#187;][et_pb_row column_structure=&#187;1_2,1_2&#8243; _builder_version=&#187;4.22.1&#8243; _module_preset=&#187;default&#187; global_colors_info=&#187;{}&#187;][et_pb_column type=&#187;1_2&#8243; _builder_version=&#187;4.16&#8243; _module_preset=&#187;default&#187; global_colors_info=&#187;{}&#187;][et_pb_image src=&#187;https:\/\/chinderschtuba.ch\/wp-content\/uploads\/2024\/03\/feedback-1825508_1280.jpg&#187; title_text=&#187;feedback-1825508_1280&#8243; _builder_version=&#187;4.24.2&#8243; _module_preset=&#187;default&#187; global_colors_info=&#187;{}&#187;][\/et_pb_image][\/et_pb_column][et_pb_column type=&#187;1_2&#8243; _builder_version=&#187;4.16&#8243; _module_preset=&#187;default&#187; global_colors_info=&#187;{}&#187;][et_pb_text _builder_version=&#187;4.24.2&#8243; _module_preset=&#187;default&#187; text_font=&#187;|300|||||||&#187; text_font_size=&#187;16px&#187; text_line_height=&#187;1.8em&#187; header_2_font_size=&#187;36px&#187; header_2_line_height=&#187;1.2em&#187; hover_enabled=&#187;0&#8243; global_colors_info=&#187;{}&#187; sticky_enabled=&#187;0&#8243;]<\/p>\n<h3>Erziehungsberatungen<\/h3>\n<p>Durch deine angenehme Art und Empathie f\u00fchle ich mich ernst genommen. Du nimmst dir Zeit und h\u00f6rst aktiv zu. Kein Problem ist f\u00fcr dich zu banal. Die Tipps bzw. L\u00f6sungsvorschl\u00e4ge sind realistisch und im Alltag gut umsetzbar.<\/p>\n<p>Mama von 2 Kindern<\/p>\n<p>&nbsp;<\/p>\n<p>&nbsp;<\/p>\n<p>&nbsp;<\/p>\n<p><a href=\"https:\/\/www.punktli.ch\/\" target=\"_blank\" rel=\"noopener\"><\/a><\/p>\n<p>[\/et_pb_text][\/et_pb_column][\/et_pb_row][\/et_pb_section][et_pb_section fb_built=&#187;1&#8243; _builder_version=&#187;4.16&#8243; _module_preset=&#187;default&#187; background_color=&#187;#fefbf8&#8243; border_color_top=&#187;gcid-3834b130-d4ca-4a1e-b409-812852908a7f&#187; border_style_top=&#187;dotted&#187; global_colors_info=&#187;{%22gcid-3834b130-d4ca-4a1e-b409-812852908a7f%22:%91%22border_color_top%22%93}&#187;][et_pb_row column_structure=&#187;1_2,1_2&#8243; _builder_version=&#187;4.24.2&#8243; _module_preset=&#187;default&#187; global_colors_info=&#187;{}&#187;][et_pb_column type=&#187;1_2&#8243; _builder_version=&#187;4.16&#8243; _module_preset=&#187;default&#187; global_colors_info=&#187;{}&#187;][et_pb_text _builder_version=&#187;4.24.2&#8243; _module_preset=&#187;default&#187; text_font=&#187;|300|||||||&#187; text_font_size=&#187;16px&#187; text_line_height=&#187;1.8em&#187; header_2_font_size=&#187;36px&#187; header_2_line_height=&#187;1.2em&#187; hover_enabled=&#187;0&#8243; global_colors_info=&#187;{}&#187; sticky_enabled=&#187;0&#8243;]<\/p>\n<h3>Kurse und Referate<\/h3>\n<p>Du machst das unglaublich toll: von deiner Art durch den Abend zu f\u00fchren, immer mit einer Prise Humor, zum Aufbau der Pr\u00e4sentation bis hin zu deinem grossen Wissen &#8211; ich bin begeistert und freue mich auf den n\u00e4chsten Kurs.<\/p>\n<p>Kursteilnehmerin<\/p>\n<p>&nbsp;<\/p>\n<p>[\/et_pb_text][\/et_pb_column][et_pb_column type=&#187;1_2&#8243; _builder_version=&#187;4.16&#8243; _module_preset=&#187;default&#187; global_colors_info=&#187;{}&#187;][et_pb_image src=&#187;https:\/\/chinderschtuba.ch\/wp-content\/uploads\/2024\/03\/IMG_20240314_191019-scaled.jpg&#187; title_text=&#187;IMG_20240314_191019&#8243; _builder_version=&#187;4.24.2&#8243; _module_preset=&#187;default&#187; width=&#187;62%&#187; global_colors_info=&#187;{}&#187;][\/et_pb_image][\/et_pb_column][\/et_pb_row][\/et_pb_section][et_pb_section fb_built=&#187;1&#8243; _builder_version=&#187;4.21.0&#8243; _module_preset=&#187;default&#187; background_color=&#187;#FFFFFF&#187; border_color_top=&#187;gcid-3834b130-d4ca-4a1e-b409-812852908a7f&#187; border_style_top=&#187;dotted&#187; global_colors_info=&#187;{%22gcid-3834b130-d4ca-4a1e-b409-812852908a7f%22:%91%22border_color_top%22%93}&#187;][et_pb_row column_structure=&#187;1_2,1_2&#8243; _builder_version=&#187;4.22.1&#8243; _module_preset=&#187;default&#187; global_colors_info=&#187;{}&#187; custom_padding=&#187;||0px|||&#187;][et_pb_column type=&#187;1_2&#8243; _builder_version=&#187;4.16&#8243; _module_preset=&#187;default&#187; global_colors_info=&#187;{}&#187;][et_pb_image src=&#187;https:\/\/chinderschtuba.ch\/wp-content\/uploads\/2024\/03\/thumbs-up-4589867_640.jpg&#187; _builder_version=&#187;4.24.2&#8243; _module_preset=&#187;default&#187; width=&#187;81%&#187; hover_enabled=&#187;0&#8243; sticky_enabled=&#187;0&#8243;][\/et_pb_image][\/et_pb_column][et_pb_column type=&#187;1_2&#8243; _builder_version=&#187;4.16&#8243; _module_preset=&#187;default&#187; global_colors_info=&#187;{}&#187;][et_pb_text _builder_version=&#187;4.24.2&#8243; _module_preset=&#187;default&#187; text_font=&#187;|300|||||||&#187; text_font_size=&#187;16px&#187; text_line_height=&#187;1.8em&#187; header_2_font_size=&#187;36px&#187; header_2_line_height=&#187;1.2em&#187; hover_enabled=&#187;0&#8243; global_colors_info=&#187;{}&#187; sticky_enabled=&#187;0&#8243;]<\/p>\n<h3>Referenzen<\/h3>\n<p><a href=\"https:\/\/chinderschtuba.ch\/wp-content\/uploads\/2024\/03\/WB-Artikel.jpg\">Artikel WB<\/a><\/p>\n<p><a href=\"https:\/\/chinderschtuba.ch\/wp-content\/uploads\/2024\/03\/Artikel-Fritz-und-Fraenzi.pdf\">Artikel Fritz und Fr\u00e4nzi<\/a><\/p>\n<p>Weiterbildungstage f\u00fcr Lehrpersonen und Studierende an der PH-VS 2023, 2024<\/p>\n<p>Weiterbildungen Kita Ringelreija, 2017 &#8211; 2020<\/p>\n<p>Vortrag Kita Goldg\u00fc\u00e4gji, 2024<\/p>\n<p>&nbsp;<\/p>\n<p>&nbsp;<\/p>\n<p>&nbsp;<\/p>\n<p><a href=\"https:\/\/www.punktli.ch\/\" target=\"_blank\" rel=\"noopener\"><\/a><\/p>\n<p>[\/et_pb_text][\/et_pb_column][\/et_pb_row][\/et_pb_section]<\/p>\n","protected":false},"excerpt":{"rendered":"<p>R\u00fcckmeldungen Lerncoachings Unser Sohn steht den anderen Kindern im Lesen gar nicht mehr nach. Er ist immer sehr gerne zu dir gekommen. Zuhause haben wir keinen Streit mehr beim Lesen &#8211; er macht super mit. Eine Leseratte wird er vermutlich nie, aber er kann fliessend lesen und das dank deiner Hilfe. Wir k\u00f6nnen dich nur [&hellip;]<\/p>\n","protected":false},"author":2,"featured_media":0,"parent":0,"menu_order":0,"comment_status":"closed","ping_status":"closed","template":"","meta":{"_et_pb_use_builder":"on","_et_pb_old_content":"","_et_gb_content_width":"","footnotes":""},"class_list":["post-850","page","type-page","status-publish","hentry"],"yoast_head":"<!-- This site is optimized with the Yoast SEO plugin v27.0 - https:\/\/yoast.com\/product\/yoast-seo-wordpress\/ -->\n<title>R\u00fcckmeldungen - Chinderschtuba<\/title>\n<meta name=\"robots\" content=\"index, follow, max-snippet:-1, max-image-preview:large, max-video-preview:-1\" \/>\n<link rel=\"canonical\" href=\"https:\/\/chinderschtuba.ch\/en\/kundenrueckmeldungen\/\" \/>\n<meta property=\"og:locale\" content=\"en_GB\" \/>\n<meta property=\"og:type\" content=\"article\" \/>\n<meta property=\"og:title\" content=\"R\u00fcckmeldungen - Chinderschtuba\" \/>\n<meta property=\"og:description\" content=\"R\u00fcckmeldungen Lerncoachings Unser Sohn steht den anderen Kindern im Lesen gar nicht mehr nach. Er ist immer sehr gerne zu dir gekommen. Zuhause haben wir keinen Streit mehr beim Lesen - er macht super mit. Eine Leseratte wird er vermutlich nie, aber er kann fliessend lesen und das dank deiner Hilfe. Wir k\u00f6nnen dich nur [&hellip;]\" \/>\n<meta property=\"og:url\" content=\"https:\/\/chinderschtuba.ch\/en\/kundenrueckmeldungen\/\" \/>\n<meta property=\"og:site_name\" content=\"Chinderschtuba\" \/>\n<meta property=\"article:modified_time\" content=\"2024-03-28T17:02:00+00:00\" \/>\n<meta name=\"twitter:card\" content=\"summary_large_image\" \/>\n<meta name=\"twitter:label1\" content=\"Estimated reading time\" \/>\n\t<meta name=\"twitter:data1\" content=\"3 minutes\" \/>\n<script type=\"application\/ld+json\" class=\"yoast-schema-graph\">{\"@context\":\"https:\/\/schema.org\",\"@graph\":[{\"@type\":\"WebPage\",\"@id\":\"https:\/\/chinderschtuba.ch\/de_ch\/kundenrueckmeldungen\/\",\"url\":\"https:\/\/chinderschtuba.ch\/de_ch\/kundenrueckmeldungen\/\",\"name\":\"R\u00fcckmeldungen - Chinderschtuba\",\"isPartOf\":{\"@id\":\"https:\/\/chinderschtuba.ch\/#website\"},\"datePublished\":\"2024-03-28T14:33:22+00:00\",\"dateModified\":\"2024-03-28T17:02:00+00:00\",\"breadcrumb\":{\"@id\":\"https:\/\/chinderschtuba.ch\/de_ch\/kundenrueckmeldungen\/#breadcrumb\"},\"inLanguage\":\"en-GB\",\"potentialAction\":[{\"@type\":\"ReadAction\",\"target\":[\"https:\/\/chinderschtuba.ch\/de_ch\/kundenrueckmeldungen\/\"]}]},{\"@type\":\"BreadcrumbList\",\"@id\":\"https:\/\/chinderschtuba.ch\/de_ch\/kundenrueckmeldungen\/#breadcrumb\",\"itemListElement\":[{\"@type\":\"ListItem\",\"position\":1,\"name\":\"Startseite\",\"item\":\"https:\/\/chinderschtuba.ch\/\"},{\"@type\":\"ListItem\",\"position\":2,\"name\":\"R\u00fcckmeldungen\"}]},{\"@type\":\"WebSite\",\"@id\":\"https:\/\/chinderschtuba.ch\/#website\",\"url\":\"https:\/\/chinderschtuba.ch\/\",\"name\":\"Chinderschtuba - Spielgruppe - Schlafberatung - Elternberatung\",\"description\":\"erleben - verstehen - erleben\",\"publisher\":{\"@id\":\"https:\/\/chinderschtuba.ch\/#\/schema\/person\/1e2167380158b46fd82d8e4eb9b373f8\"},\"potentialAction\":[{\"@type\":\"SearchAction\",\"target\":{\"@type\":\"EntryPoint\",\"urlTemplate\":\"https:\/\/chinderschtuba.ch\/?s={search_term_string}\"},\"query-input\":{\"@type\":\"PropertyValueSpecification\",\"valueRequired\":true,\"valueName\":\"search_term_string\"}}],\"inLanguage\":\"en-GB\"},{\"@type\":[\"Person\",\"Organization\"],\"@id\":\"https:\/\/chinderschtuba.ch\/#\/schema\/person\/1e2167380158b46fd82d8e4eb9b373f8\",\"name\":\"Carmen Furrer\",\"image\":{\"@type\":\"ImageObject\",\"inLanguage\":\"en-GB\",\"@id\":\"https:\/\/chinderschtuba.ch\/#\/schema\/person\/image\/\",\"url\":\"https:\/\/chinderschtuba.ch\/wp-content\/uploads\/2023\/06\/logo_chinderschtuba-cf.png\",\"contentUrl\":\"https:\/\/chinderschtuba.ch\/wp-content\/uploads\/2023\/06\/logo_chinderschtuba-cf.png\",\"width\":993,\"height\":511,\"caption\":\"Carmen Furrer\"},\"logo\":{\"@id\":\"https:\/\/chinderschtuba.ch\/#\/schema\/person\/image\/\"},\"sameAs\":[\"http:\/\/www.chinderschtuba.ch\"]}]}<\/script>\n<!-- \/ Yoast SEO plugin. -->","yoast_head_json":{"title":"R\u00fcckmeldungen - Chinderschtuba","robots":{"index":"index","follow":"follow","max-snippet":"max-snippet:-1","max-image-preview":"max-image-preview:large","max-video-preview":"max-video-preview:-1"},"canonical":"https:\/\/chinderschtuba.ch\/en\/kundenrueckmeldungen\/","og_locale":"en_GB","og_type":"article","og_title":"R\u00fcckmeldungen - Chinderschtuba","og_description":"R\u00fcckmeldungen Lerncoachings Unser Sohn steht den anderen Kindern im Lesen gar nicht mehr nach. Er ist immer sehr gerne zu dir gekommen. Zuhause haben wir keinen Streit mehr beim Lesen - er macht super mit. Eine Leseratte wird er vermutlich nie, aber er kann fliessend lesen und das dank deiner Hilfe. Wir k\u00f6nnen dich nur [&hellip;]","og_url":"https:\/\/chinderschtuba.ch\/en\/kundenrueckmeldungen\/","og_site_name":"Chinderschtuba","article_modified_time":"2024-03-28T17:02:00+00:00","twitter_card":"summary_large_image","twitter_misc":{"Estimated reading time":"3 minutes"},"schema":{"@context":"https:\/\/schema.org","@graph":[{"@type":"WebPage","@id":"https:\/\/chinderschtuba.ch\/de_ch\/kundenrueckmeldungen\/","url":"https:\/\/chinderschtuba.ch\/de_ch\/kundenrueckmeldungen\/","name":"R\u00fcckmeldungen - Chinderschtuba","isPartOf":{"@id":"https:\/\/chinderschtuba.ch\/#website"},"datePublished":"2024-03-28T14:33:22+00:00","dateModified":"2024-03-28T17:02:00+00:00","breadcrumb":{"@id":"https:\/\/chinderschtuba.ch\/de_ch\/kundenrueckmeldungen\/#breadcrumb"},"inLanguage":"en-GB","potentialAction":[{"@type":"ReadAction","target":["https:\/\/chinderschtuba.ch\/de_ch\/kundenrueckmeldungen\/"]}]},{"@type":"BreadcrumbList","@id":"https:\/\/chinderschtuba.ch\/de_ch\/kundenrueckmeldungen\/#breadcrumb","itemListElement":[{"@type":"ListItem","position":1,"name":"Startseite","item":"https:\/\/chinderschtuba.ch\/"},{"@type":"ListItem","position":2,"name":"R\u00fcckmeldungen"}]},{"@type":"WebSite","@id":"https:\/\/chinderschtuba.ch\/#website","url":"https:\/\/chinderschtuba.ch\/","name":"Chinderschtuba - Spielgruppe - Schlafberatung - Elternberatung","description":"erleben - verstehen - erleben","publisher":{"@id":"https:\/\/chinderschtuba.ch\/#\/schema\/person\/1e2167380158b46fd82d8e4eb9b373f8"},"potentialAction":[{"@type":"SearchAction","target":{"@type":"EntryPoint","urlTemplate":"https:\/\/chinderschtuba.ch\/?s={search_term_string}"},"query-input":{"@type":"PropertyValueSpecification","valueRequired":true,"valueName":"search_term_string"}}],"inLanguage":"en-GB"},{"@type":["Person","Organization"],"@id":"https:\/\/chinderschtuba.ch\/#\/schema\/person\/1e2167380158b46fd82d8e4eb9b373f8","name":"Carmen Furrer","image":{"@type":"ImageObject","inLanguage":"en-GB","@id":"https:\/\/chinderschtuba.ch\/#\/schema\/person\/image\/","url":"https:\/\/chinderschtuba.ch\/wp-content\/uploads\/2023\/06\/logo_chinderschtuba-cf.png","contentUrl":"https:\/\/chinderschtuba.ch\/wp-content\/uploads\/2023\/06\/logo_chinderschtuba-cf.png","width":993,"height":511,"caption":"Carmen Furrer"},"logo":{"@id":"https:\/\/chinderschtuba.ch\/#\/schema\/person\/image\/"},"sameAs":["http:\/\/www.chinderschtuba.ch"]}]}},"_links":{"self":[{"href":"https:\/\/chinderschtuba.ch\/en\/wp-json\/wp\/v2\/pages\/850","targetHints":{"allow":["GET"]}}],"collection":[{"href":"https:\/\/chinderschtuba.ch\/en\/wp-json\/wp\/v2\/pages"}],"about":[{"href":"https:\/\/chinderschtuba.ch\/en\/wp-json\/wp\/v2\/types\/page"}],"author":[{"embeddable":true,"href":"https:\/\/chinderschtuba.ch\/en\/wp-json\/wp\/v2\/users\/2"}],"replies":[{"embeddable":true,"href":"https:\/\/chinderschtuba.ch\/en\/wp-json\/wp\/v2\/comments?post=850"}],"version-history":[{"count":12,"href":"https:\/\/chinderschtuba.ch\/en\/wp-json\/wp\/v2\/pages\/850\/revisions"}],"predecessor-version":[{"id":877,"href":"https:\/\/chinderschtuba.ch\/en\/wp-json\/wp\/v2\/pages\/850\/revisions\/877"}],"wp:attachment":[{"href":"https:\/\/chinderschtuba.ch\/en\/wp-json\/wp\/v2\/media?parent=850"}],"curies":[{"name":"wp","href":"https:\/\/api.w.org\/{rel}","templated":true}]}}